{"id":934,"date":"2018-05-24T09:57:56","date_gmt":"2018-05-24T07:57:56","guid":{"rendered":"http:\/\/aimgmpcomm.cluster026.hosting.ovh.net\/?page_id=934"},"modified":"2022-03-01T13:54:40","modified_gmt":"2022-03-01T12:54:40","slug":"hopitaux-et-internats","status":"publish","type":"page","link":"https:\/\/www.aimg-mp.com\/index.php\/evaluations-des-stages\/hopitaux-et-internats\/","title":{"rendered":"H\u00f4pitaux et logements (internats et ambulatoires)"},"content":{"rendered":"<p><span style=\"font-family: georgia, palatino, serif; font-size: 12pt;\">Voici la liste des diff\u00e9rents h\u00f4pitaux o\u00f9 vous serez amen\u00e9s \u00e0 faire des stages :<\/span><br \/>\n<span style=\"font-family: georgia, palatino, serif; font-size: 12pt;\">Pour chacun, vous trouverez des <strong>informations sur l&#8217;h\u00f4pital, les contacts et l&#8217;internat<\/strong> (si existant).\u00a0<\/span><\/p>\n<p>Voici aussi le guide des internats avec toutes les informations regroup\u00e9es un 1 diaporama. Bonne lecture : <a href=\"https:\/\/www.aimg-mp.com\/wp-content\/uploads\/2021\/03\/Guide-internat-23.03.21.pdf\">Guide internat (23.03.21)<\/a><br \/>\n&#8211; Aveyron : mises \u00e0 jour des logements propos\u00e9s sur ce lien (oct 2021) : <a href=\"https:\/\/accueilmedecins.aveyron.fr\/effectuer-son-internat\/\">https:\/\/accueilmedecins.aveyron.fr\/effectuer-son-internat\/<\/a><br \/>\n&#8211; Tarn et Garonne : logements disponibles pour les stages ambulatoires (oct 2021) :<br \/>\n<a href=\"https:\/\/www.aimg-mp.com\/wp-content\/uploads\/2021\/10\/encart-internats-PDF.pdf\" target=\"_blank\" rel=\"noopener\">Logements ambulatoires 82<\/a><\/p>\n<p><span style=\"font-family: georgia, palatino, serif; font-size: 12pt;\">Dans chaque h\u00f4pital, une personne est \u00e0 contacter pour avoir des informations sur l&#8217;internat et lui signaler votre arriv\u00e9e.\u00a0<\/span><span style=\"font-family: georgia, palatino, serif; font-size: 12pt;\"><span style=\"text-decoration: underline;\">Le nombre de places est suffisant pour accueillir tous les internes<\/span>, si l&#8217;h\u00f4pital vous dit le contraire contactez nous pour les rappeler \u00e0 l&#8217;ordre!<\/span><\/p>\n<ul style=\"list-style-type: disc;\">\n<li><span style=\"font-family: georgia, palatino, serif; font-size: 12pt;\"><strong>(09) Ari\u00e8ge :<\/strong><br \/>\n<\/span><span style=\"font-family: georgia, palatino, serif; font-size: 12pt; color: #000000;\">\u25ca <a href=\"https:\/\/www.aimg-mp.com\/index.php\/evaluations-des-stages\/hopitaux-et-internats\/hopital-de-saint-girons-chac\/\">St Girons<\/a><br \/>\n<\/span><span style=\"font-family: georgia, palatino, serif; font-size: 12pt;\"><span style=\"font-family: georgia, palatino, serif; font-size: 12pt;\"><span style=\"font-family: georgia, palatino, serif; font-size: 12pt;\"><span style=\"font-family: georgia, palatino, serif; font-size: 12pt;\"><span style=\"font-family: georgia, palatino, serif; font-size: 12pt;\"><span style=\"color: #000000;\">\u25ca <a href=\"https:\/\/www.aimg-mp.com\/index.php\/evaluations-des-stages\/hopitaux-et-internats\/hopital-de-foix-pamiers-chiva\/\">Foix &#8211; Pamiers<\/a><\/span><\/span><\/span><\/span><\/span><\/span><\/li>\n<li><strong>(11) Aude :<br \/>\n<\/strong>\u25ca <a href=\"https:\/\/www.aimg-mp.com\/index.php\/evaluations-des-stages\/hopitaux-et-internats\/centre-hospitalier-de-carcassonne\/\">Carcassonne<\/a><\/li>\n<li><strong><span style=\"font-family: georgia, palatino, serif; font-size: 12pt;\">(12) Aveyron :<br \/>\n<\/span><\/strong><span style=\"font-family: georgia, palatino, serif; font-size: 12pt; color: #000000;\">\u25ca <a href=\"https:\/\/www.aimg-mp.com\/index.php\/evaluations-des-stages\/hopitaux-et-internats\/hopital-de-decazeville\/\">Decazeville<\/a><\/span><br \/>\n<span style=\"font-family: georgia, palatino, serif; font-size: 12pt; color: #000000;\">\u25ca <a href=\"https:\/\/www.aimg-mp.com\/index.php\/evaluations-des-stages\/hopitaux-et-internats\/hopital-de-rodez\/\">Rodez<\/a><\/span><br \/>\n<span style=\"color: #000000;\"><span style=\"color: #000000;\"><span style=\"color: #000000;\"><span style=\"color: #000000;\">\u25ca <a href=\"https:\/\/www.aimg-mp.com\/index.php\/evaluations-des-stages\/hopitaux-et-internats\/hopital-de-villefranche-de-rouergue\/\">Villefranche de Rouergue<\/a><\/span><\/span><\/span><\/span><\/li>\n<li><span style=\"font-family: georgia, palatino, serif; font-size: 12pt;\"><strong>(31) Haute-Garonne :<\/strong><\/span><span style=\"font-family: georgia, palatino, serif; font-size: 12pt;\"><br \/>\n<\/span><span style=\"color: #000000;\"><span style=\"color: #000000;\"><span style=\"color: #000000;\"><span style=\"color: #000000;\"><span style=\"color: #000000;\"><span style=\"font-family: georgia, palatino, serif; font-size: 12pt;\">\u25ca <a href=\"https:\/\/www.aimg-mp.com\/index.php\/evaluations-des-stages\/hopitaux-et-internats\/chu-toulouse\/\">Toulouse &#8211; CHU<\/a><br \/>\n<\/span><span style=\"font-family: georgia, palatino, serif; font-size: 12pt;\">\u25ca <a href=\"https:\/\/www.aimg-mp.com\/index.php\/evaluations-des-stages\/hopitaux-et-internats\/hopital-joseph-ducuing\/\">Toulouse &#8211; H\u00f4pital Joseph Ducuing<\/a><br \/>\n<\/span><span style=\"font-family: georgia, palatino, serif; font-size: 12pt;\">\u25ca <a href=\"https:\/\/www.aimg-mp.com\/index.php\/evaluations-des-stages\/hopitaux-et-internats\/toulouse-oncopole\/\">Toulouse &#8211; Oncopole<\/a><br \/>\n<\/span><span style=\"font-family: georgia, palatino, serif; font-size: 12pt;\">\u25ca <a href=\"https:\/\/www.aimg-mp.com\/index.php\/evaluations-des-stages\/hopitaux-et-internats\/hopital-de-salies-du-salat\/\">Salie du Salat<\/a><br \/>\n<\/span><span style=\"font-family: georgia, palatino, serif; font-size: 12pt;\">\u25ca <a href=\"https:\/\/www.aimg-mp.com\/index.php\/evaluations-des-stages\/hopitaux-et-internats\/hopital-de-saint-gaudens\/\">Saint Gaudens<\/a><\/span><\/span><\/span><\/span><\/span><\/span><\/li>\n<li><span style=\"font-family: georgia, palatino, serif; font-size: 12pt;\"><strong>(32) Gers :<\/strong><br \/>\n<\/span><span style=\"font-family: georgia, palatino, serif; font-size: 12pt;\"><span style=\"font-family: georgia, palatino, serif; font-size: 12pt;\"><span style=\"font-family: georgia, palatino, serif; font-size: 12pt;\"><span style=\"color: #000000;\"><span style=\"font-family: georgia, palatino, serif; font-size: 12pt;\">\u25ca <\/span><\/span><a href=\"https:\/\/www.aimg-mp.com\/index.php\/evaluations-des-stages\/hopitaux-et-internats\/hopital-dauch\/\">Auch<\/a><\/span><\/span><\/span><span style=\"font-family: georgia, palatino, serif; font-size: 12pt;\"><span style=\"font-family: georgia, palatino, serif; font-size: 12pt;\"><span style=\"font-family: georgia, palatino, serif; font-size: 12pt;\"><br \/>\n<\/span><\/span><\/span><\/li>\n<li><span style=\"font-family: georgia, palatino, serif; font-size: 12pt;\"><strong>(46) Lot :<\/strong><br \/>\n<\/span><span style=\"font-family: georgia, palatino, serif; font-size: 12pt;\"><span style=\"color: #000000;\"><span style=\"font-family: georgia, palatino, serif; font-size: 12pt;\">\u25ca <\/span><\/span><a href=\"https:\/\/www.aimg-mp.com\/index.php\/evaluations-des-stages\/hopitaux-et-internats\/hopital-de-cahors\/\">Cahors<\/a><br \/>\n<\/span><span style=\"font-family: georgia, palatino, serif; font-size: 12pt;\"><span style=\"font-family: georgia, palatino, serif; font-size: 12pt;\"><span style=\"font-family: georgia, palatino, serif; font-size: 12pt;\"><span style=\"font-family: georgia, palatino, serif; font-size: 12pt;\"><span style=\"font-family: georgia, palatino, serif; font-size: 12pt;\"><span style=\"color: #000000;\"><span style=\"font-family: georgia, palatino, serif; font-size: 12pt;\">\u25ca <\/span><\/span><a href=\"https:\/\/www.aimg-mp.com\/index.php\/evaluations-des-stages\/hopitaux-et-internats\/hopital-de-figeac\/\">Figeac<\/a><\/span><\/span><\/span><\/span><\/span><\/li>\n<li><span style=\"font-family: georgia, palatino, serif; font-size: 12pt;\"><strong>(65) Hautes Pyr\u00e9n\u00e9es :<\/strong><br \/>\n<\/span><span style=\"font-family: georgia, palatino, serif; font-size: 12pt;\"><span style=\"color: #000000;\"><span style=\"font-family: georgia, palatino, serif; font-size: 12pt;\">\u25ca <\/span><\/span><a href=\"https:\/\/www.aimg-mp.com\/index.php\/evaluations-des-stages\/hopitaux-et-internats\/hopital-de-bagneres-de-bigorre\/\">Bagn\u00e8res de Bigorre<\/a><br \/>\n<\/span><span style=\"font-family: georgia, palatino, serif; font-size: 12pt;\"><span style=\"color: #000000;\"><span style=\"font-family: georgia, palatino, serif; font-size: 12pt;\">\u25ca <\/span><\/span><a href=\"https:\/\/www.aimg-mp.com\/index.php\/evaluations-des-stages\/hopitaux-et-internats\/hopital-de-lannemezan\/\">Lannemezan<\/a><br \/>\n<\/span><span style=\"font-family: georgia, palatino, serif; font-size: 12pt;\"><span style=\"color: #000000;\"><span style=\"font-family: georgia, palatino, serif; font-size: 12pt;\">\u25ca <\/span><\/span><a href=\"https:\/\/www.aimg-mp.com\/index.php\/evaluations-des-stages\/hopitaux-et-internats\/hopital-de-lourdes\/\">Lourdes<\/a><br \/>\n<\/span><span style=\"font-family: georgia, palatino, serif; font-size: 12pt;\"><span style=\"color: #000000;\"><span style=\"font-family: georgia, palatino, serif; font-size: 12pt;\">\u25ca <\/span><\/span><a href=\"https:\/\/www.aimg-mp.com\/index.php\/evaluations-des-stages\/hopitaux-et-internats\/hopital-de-tarbes\/\">Tarbes<\/a><br \/>\n<\/span><span style=\"font-family: georgia, palatino, serif; font-size: 12pt;\"><span style=\"font-family: georgia, palatino, serif; font-size: 12pt;\"><span style=\"font-family: georgia, palatino, serif; font-size: 12pt;\"><span style=\"font-family: georgia, palatino, serif; font-size: 12pt;\"><span style=\"font-family: georgia, palatino, serif; font-size: 12pt;\"><span style=\"color: #000000;\"><span style=\"font-family: georgia, palatino, serif; font-size: 12pt;\">\u25ca <\/span><\/span><a href=\"https:\/\/www.aimg-mp.com\/index.php\/evaluations-des-stages\/hopitaux-et-internats\/hopital-de-vic-en-bigorre\/\">Vic-en-Bigorre<\/a><\/span><\/span><\/span><\/span><\/span><\/li>\n<li><span style=\"font-family: georgia, palatino, serif; font-size: 12pt;\"><strong>(81) Tarn :<\/strong><br \/>\n<\/span><span style=\"font-family: georgia, palatino, serif; font-size: 12pt;\"><span style=\"color: #000000;\"><span style=\"font-family: georgia, palatino, serif; font-size: 12pt;\">\u25ca <\/span><\/span><a href=\"https:\/\/www.aimg-mp.com\/index.php\/evaluations-des-stages\/hopitaux-et-internats\/hopital-dalbi\/\">Albi<\/a><br \/>\n<\/span><span style=\"font-family: georgia, palatino, serif; font-size: 12pt;\"><span style=\"color: #000000;\"><span style=\"font-family: georgia, palatino, serif; font-size: 12pt;\">\u25ca <\/span><\/span><a href=\"https:\/\/www.aimg-mp.com\/index.php\/evaluations-des-stages\/hopitaux-et-internats\/hopital-de-castres-mazamet\/\">Castres-Mazamet<\/a><br \/>\n<\/span><span style=\"font-family: georgia, palatino, serif; font-size: 12pt;\"><span style=\"font-family: georgia, palatino, serif; font-size: 12pt;\"><span style=\"font-family: georgia, palatino, serif; font-size: 12pt;\"><span style=\"font-family: georgia, palatino, serif; font-size: 12pt;\"><span style=\"color: #000000;\"><span style=\"font-family: georgia, palatino, serif; font-size: 12pt;\">\u25ca <\/span><\/span><a href=\"https:\/\/www.aimg-mp.com\/index.php\/evaluations-des-stages\/hopitaux-et-internats\/hopital-de-lavaur\/\">Lavaur<\/a><\/span><\/span><\/span><\/span><\/li>\n<li><strong><span style=\"font-family: georgia, palatino, serif; font-size: 12pt;\">(82) Tarn et Garonne :<\/span><\/strong><strong><span style=\"font-family: georgia, palatino, serif; font-size: 12pt;\"><br \/>\n<\/span><\/strong><span style=\"font-family: georgia, palatino, serif; font-size: 12pt;\"><span style=\"color: #000000;\"><span style=\"font-family: georgia, palatino, serif; font-size: 12pt;\">\u25ca <\/span><\/span><a href=\"https:\/\/www.aimg-mp.com\/index.php\/evaluations-des-stages\/hopitaux-et-internats\/hopital-de-montauban\/\">Montauban<\/a><br \/>\n<\/span>\u25ca <a style=\"font-size: 12pt;\" href=\"https:\/\/www.aimg-mp.com\/index.php\/caussade-maison-des-internes\/\">Caussade<\/a><\/li>\n<\/ul>\n","protected":false},"excerpt":{"rendered":"<p>Voici la liste des diff\u00e9rents h\u00f4pitaux o\u00f9 vous serez amen\u00e9s \u00e0 faire des stages : Pour chacun, vous trouverez des informations sur l&#8217;h\u00f4pital, les contacts et l&#8217;internat (si existant).\u00a0 Voici aussi le guide des internats avec toutes les informations regroup\u00e9es &hellip; <a href=\"https:\/\/www.aimg-mp.com\/index.php\/evaluations-des-stages\/hopitaux-et-internats\/\">Continuer la lecture <span class=\"meta-nav\">&rarr;<\/span><\/a><\/p>\n","protected":false},"author":413,"featured_media":0,"parent":210,"menu_order":0,"comment_status":"closed","ping_status":"closed","template":"","meta":{"footnotes":""},"class_list":["post-934","page","type-page","status-publish","hentry"],"_links":{"self":[{"href":"https:\/\/www.aimg-mp.com\/index.php\/wp-json\/wp\/v2\/pages\/934","targetHints":{"allow":["GET"]}}],"collection":[{"href":"https:\/\/www.aimg-mp.com\/index.php\/wp-json\/wp\/v2\/pages"}],"about":[{"href":"https:\/\/www.aimg-mp.com\/index.php\/wp-json\/wp\/v2\/types\/page"}],"author":[{"embeddable":true,"href":"https:\/\/www.aimg-mp.com\/index.php\/wp-json\/wp\/v2\/users\/413"}],"replies":[{"embeddable":true,"href":"https:\/\/www.aimg-mp.com\/index.php\/wp-json\/wp\/v2\/comments?post=934"}],"version-history":[{"count":0,"href":"https:\/\/www.aimg-mp.com\/index.php\/wp-json\/wp\/v2\/pages\/934\/revisions"}],"up":[{"embeddable":true,"href":"https:\/\/www.aimg-mp.com\/index.php\/wp-json\/wp\/v2\/pages\/210"}],"wp:attachment":[{"href":"https:\/\/www.aimg-mp.com\/index.php\/wp-json\/wp\/v2\/media?parent=934"}],"curies":[{"name":"wp","href":"https:\/\/api.w.org\/{rel}","templated":true}]}}