{"id":85,"date":"2018-04-08T11:33:11","date_gmt":"2018-04-08T09:33:11","guid":{"rendered":"http:\/\/aimgmpcomm.cluster026.hosting.ovh.net\/?page_id=85"},"modified":"2025-05-11T16:18:55","modified_gmt":"2025-05-11T14:18:55","slug":"stages-inter-chu","status":"publish","type":"page","link":"https:\/\/www.aimg-mp.com\/index.php\/stages-inter-chu\/","title":{"rendered":"Stages hors-subdivisions"},"content":{"rendered":"<h3><i>Hors subdivision ou inter CHU ? Petite r\u00e9\u00e9ducation linguistique en pr\u00e9ambule ! <\/i><\/h3>\n<p>Les stages hors subdivision peuvent \u00eatre hospitaliers ou ambulatoires. Les stages dits \u201cinter-CHU\u201d sont un abus de langage pour d\u00e9signer les stages hors-subdivision en milieu hospitalier.<\/p>\n<p>Les stages hors subdivision sont <b>possibles apr\u00e8s la validation de deux stages<\/b>. Il est possible de r\u00e9aliser jusqu\u2019\u00e0 trois stages hors de sa subdivision dans sa maquette de formation. Ces situations particuli\u00e8res doivent id\u00e9alement s\u2019inscrire dans le cadre d\u2019un projet professionnel. Le motif de rapprochement familial par exemple, n\u2019est que rarement suffisant. Aussi, il est bon de rappeler qu\u2019\u00eatre \u00e0 jour dans ses traces \u00e9crites et dans la pr\u00e9sence aux diff\u00e9rents enseignements permet de mettre toutes les chances de son c\u00f4t\u00e9 !<\/p>\n<p>Si vous \u00eates adh\u00e9rent de l&#8217;association des Internes des H\u00f4pitaux de Toulouse, vous pouvez contacter l&#8217;internat pour le dossier inter-CHU \u00e0 l&#8217;adresse suivante : <a href=\"mailto:internat.med@chu-toulouse.fr\">internat.med@chu-toulouse.fr<\/a><br \/>\n&#8211; Pour le semestre de Mai &#8211; Nov : date limite 15\/09<br \/>\n&#8211; Pour le semestre de Nov &#8211; Mai : date limite 31\/01<\/p>\n<p>Les demandes sont pr\u00e9sent\u00e9es et \u00e9tudi\u00e9es en commissions, \u00e0 des p\u00e9riodes fixes de l\u2019ann\u00e9e. Elles se tiennent g\u00e9n\u00e9ralement aux alentours de f\u00e9vrier pour le semestre d\u2019\u00e9t\u00e9 suivant et aux alentours de juin pour le semestre d\u2019hiver suivant.<\/p>\n<h3><i>Comment monter un dossier de demande de stage hors subdivision ?<\/i><\/h3>\n<p>Un dossier complet de demande de stage hors subdivision doit rassembler les pi\u00e8ces suivantes :<\/p>\n<ul style=\"list-style-type: circle;\">\n<li>une lettre de demande<\/li>\n<li>un dossier de candidature (annexe 1) et un projet de stage (annexe 2)<\/li>\n<li>les avis :<br \/>\n&gt; du Directeur du Centre Hospitalier d\u2019accueil (annexe 3)<br \/>\n&gt; du Chef de service de l\u2019\u00e9tablissement d\u2019accueil (annexe 4)<br \/>\n&gt; du Directeur du CHU de la R\u00e9gion d\u2019accueil (annexe 5)<br \/>\n&gt; du Coordonnateur local de DES de la r\u00e9gion d\u2019accueil (annexe 6)<br \/>\n&gt; du Coordonnateur interr\u00e9gional de DES de la r\u00e9gion d\u2019accueil (annexe 7)<br \/>\n&gt; du Doyen de la Facult\u00e9 d\u2019accueil (annexe 8)<br \/>\n&gt; du Coordonnateur local du DES de la r\u00e9gion d\u2019origine (annexe 9)<br \/>\n&gt; du Coordonnateur interr\u00e9gional du DES Ide la r\u00e9gion d\u2019origine (annexe 10)<br \/>\n&gt; du Doyen de la R\u00e9gion d\u2019origine (annexe 11)<br \/>\n&gt; du Directeur du CHU de la r\u00e9gion d\u2019origine (annexe 12)<\/li>\n<li>un relev\u00e9 des stages effectu\u00e9s et valid\u00e9s (annexe 13)<\/li>\n<\/ul>\n<p>L\u2019ensemble de ces annexes vierges est \u00e0 <a href=\"https:\/\/www.aimg-mp.com\/wp-content\/uploads\/2023\/01\/2016-2017-demande_de_stage_hors_subdivision_origine_2017.pdf\">retrouver ici<\/a>.<\/p>\n<p>Pour les DOM-TOM, les annexes sont \u00e0 retrouver sur le site de la <a href=\"https:\/\/sante.u-bordeaux.fr\/\">fac de Bordeaux.<\/a><\/p>\n<p>Pour ne pas \u00eatre pris par le temps, l\u2019anticipation est de rigueur. Rapproche-toi le plus t\u00f4t possible de <a href=\"https:\/\/medecine.univ-tlse3.fr\/scolarite-3eme-cycle-rangueil\">Mme FERRAND<\/a>, la responsable des choix de stages de la scolarit\u00e9 du 3\u00e8me cycle afin d\u2019\u00eatre accompagn\u00e9 au mieux.<\/p>\n<p>Enfin, n\u2019h\u00e9site pas \u00e0 prendre contact avec le(la) pr\u00e9sident(e) ou les secr\u00e9taires de l\u2019association pour nous faire part de ton projet. Nous pourrons t\u2019apporter des conseils, te guider dans l\u2019\u00e9laboration de ta demande et surtout conna\u00eetre ton dossier pour le d\u00e9fendre en commission !<\/p>\n<p>Si tu veux en savoir plus sur les semestres particuliers, rends-toi sur le <a href=\"https:\/\/www.isnar-img.com\/pendant-linternat\/stages\/semestres-particuliers\/\">site de l\u2019ISNAR IMG<\/a>.<\/p>\n","protected":false},"excerpt":{"rendered":"<p>Hors subdivision ou inter CHU ? Petite r\u00e9\u00e9ducation linguistique en pr\u00e9ambule ! Les stages hors subdivision peuvent \u00eatre hospitaliers ou ambulatoires. Les stages dits \u201cinter-CHU\u201d sont un abus de langage pour d\u00e9signer les stages hors-subdivision en milieu hospitalier. Les stages &hellip; <a href=\"https:\/\/www.aimg-mp.com\/index.php\/stages-inter-chu\/\">Continuer la lecture <span class=\"meta-nav\">&rarr;<\/span><\/a><\/p>\n","protected":false},"author":413,"featured_media":0,"parent":0,"menu_order":0,"comment_status":"closed","ping_status":"closed","template":"","meta":{"footnotes":""},"class_list":["post-85","page","type-page","status-publish","hentry"],"_links":{"self":[{"href":"https:\/\/www.aimg-mp.com\/index.php\/wp-json\/wp\/v2\/pages\/85","targetHints":{"allow":["GET"]}}],"collection":[{"href":"https:\/\/www.aimg-mp.com\/index.php\/wp-json\/wp\/v2\/pages"}],"about":[{"href":"https:\/\/www.aimg-mp.com\/index.php\/wp-json\/wp\/v2\/types\/page"}],"author":[{"embeddable":true,"href":"https:\/\/www.aimg-mp.com\/index.php\/wp-json\/wp\/v2\/users\/413"}],"replies":[{"embeddable":true,"href":"https:\/\/www.aimg-mp.com\/index.php\/wp-json\/wp\/v2\/comments?post=85"}],"version-history":[{"count":2,"href":"https:\/\/www.aimg-mp.com\/index.php\/wp-json\/wp\/v2\/pages\/85\/revisions"}],"predecessor-version":[{"id":23771,"href":"https:\/\/www.aimg-mp.com\/index.php\/wp-json\/wp\/v2\/pages\/85\/revisions\/23771"}],"wp:attachment":[{"href":"https:\/\/www.aimg-mp.com\/index.php\/wp-json\/wp\/v2\/media?parent=85"}],"curies":[{"name":"wp","href":"https:\/\/api.w.org\/{rel}","templated":true}]}}