{"id":591,"date":"2018-05-05T14:11:39","date_gmt":"2018-05-05T12:11:39","guid":{"rendered":"http:\/\/aimgmpcomm.cluster026.hosting.ovh.net\/?page_id=591"},"modified":"2026-03-19T19:24:50","modified_gmt":"2026-03-19T18:24:50","slug":"gyneco-pediatrie-ambulatoire-hautes-pyrenees","status":"publish","type":"page","link":"https:\/\/www.aimg-mp.com\/index.php\/evaluations-des-stages\/gynecologie-pediatrie-stages-ambulatoires\/gyneco-pediatrie-ambulatoire-hautes-pyrenees\/","title":{"rendered":"Sant\u00e9 de la Femme et de l&#8217;Enfant &#8211; Hautes Pyr\u00e9n\u00e9es"},"content":{"rendered":"<p><code><span class=\"rcp-restricted-content-message\">You do not have access to this post.<\/span><\/code><\/p>\n","protected":false},"excerpt":{"rendered":"","protected":false},"author":413,"featured_media":0,"parent":281,"menu_order":0,"comment_status":"closed","ping_status":"closed","template":"","meta":{"footnotes":""},"class_list":["post-591","page","type-page","status-publish","hentry"],"_links":{"self":[{"href":"https:\/\/www.aimg-mp.com\/index.php\/wp-json\/wp\/v2\/pages\/591","targetHints":{"allow":["GET"]}}],"collection":[{"href":"https:\/\/www.aimg-mp.com\/index.php\/wp-json\/wp\/v2\/pages"}],"about":[{"href":"https:\/\/www.aimg-mp.com\/index.php\/wp-json\/wp\/v2\/types\/page"}],"author":[{"embeddable":true,"href":"https:\/\/www.aimg-mp.com\/index.php\/wp-json\/wp\/v2\/users\/413"}],"replies":[{"embeddable":true,"href":"https:\/\/www.aimg-mp.com\/index.php\/wp-json\/wp\/v2\/comments?post=591"}],"version-history":[{"count":10,"href":"https:\/\/www.aimg-mp.com\/index.php\/wp-json\/wp\/v2\/pages\/591\/revisions"}],"predecessor-version":[{"id":25165,"href":"https:\/\/www.aimg-mp.com\/index.php\/wp-json\/wp\/v2\/pages\/591\/revisions\/25165"}],"up":[{"embeddable":true,"href":"https:\/\/www.aimg-mp.com\/index.php\/wp-json\/wp\/v2\/pages\/281"}],"wp:attachment":[{"href":"https:\/\/www.aimg-mp.com\/index.php\/wp-json\/wp\/v2\/media?parent=591"}],"curies":[{"name":"wp","href":"https:\/\/api.w.org\/{rel}","templated":true}]}}