{"id":5845,"date":"2019-10-17T19:56:04","date_gmt":"2019-10-17T17:56:04","guid":{"rendered":"https:\/\/www.aimg-mp.com\/?page_id=5845"},"modified":"2022-05-16T21:18:12","modified_gmt":"2022-05-16T19:18:12","slug":"revue-medecine-hospitaliere","status":"publish","type":"page","link":"https:\/\/www.aimg-mp.com\/index.php\/revue-medecine-hospitaliere\/","title":{"rendered":"Revue M\u00e9decine Hospitali\u00e8re"},"content":{"rendered":"\r\n<div id=\"cc-m-10641328695\" class=\"j-module n j-text \">\r\n<p>L&#8217;AIMG-MP a un partenariat avec la Revue francophone de m\u00e9decine hospitali\u00e8re polyvalente. Cette revue parait 4 fois par an. Les adh\u00e9rents de l&#8217;AIMG-MP pourront t\u00e9l\u00e9charger les versions num\u00e9riques ci-dessous apr\u00e8s s&#8217;\u00eatre identifi\u00e9.<\/p>\r\n<p>M\u00e9decine Hospitali\u00e8re publie des articles originaux, des revues g\u00e9n\u00e9rales, des cas cliniques didactiques dans le domaine de la m\u00e9decine hospitali\u00e8re globale, polyvalente et non orient\u00e9e.<\/p>\r\n<p>Elle publie \u00e9galement une rubrique sur les actualit\u00e9s dans les domaines utiles pour la pratique quotidienne, ainsi qu&#8217;une rubrique de formation \u00e0 l&#8217;imagerie.<\/p>\r\n<p>La revue a pour objectif de servir d&#8217;outil de formation continue des m\u00e9decins exer\u00e7ant cette m\u00e9decine hospitali\u00e8re.<\/p>\r\n<\/div>\r\n<span class=\"rcp-restricted-content-message\">You do not have access to this post.<\/span>\r\n","protected":false},"excerpt":{"rendered":"<p>L&#8217;AIMG-MP a un partenariat avec la Revue francophone de m\u00e9decine hospitali\u00e8re polyvalente. Cette revue parait 4 fois par an. Les adh\u00e9rents de l&#8217;AIMG-MP pourront t\u00e9l\u00e9charger les versions num\u00e9riques ci-dessous apr\u00e8s s&#8217;\u00eatre identifi\u00e9. M\u00e9decine Hospitali\u00e8re publie des articles originaux, des revues &hellip; <a href=\"https:\/\/www.aimg-mp.com\/index.php\/revue-medecine-hospitaliere\/\">Continuer la lecture <span class=\"meta-nav\">&rarr;<\/span><\/a><\/p>\n","protected":false},"author":413,"featured_media":0,"parent":0,"menu_order":0,"comment_status":"closed","ping_status":"closed","template":"","meta":{"footnotes":""},"class_list":["post-5845","page","type-page","status-publish","hentry"],"_links":{"self":[{"href":"https:\/\/www.aimg-mp.com\/index.php\/wp-json\/wp\/v2\/pages\/5845","targetHints":{"allow":["GET"]}}],"collection":[{"href":"https:\/\/www.aimg-mp.com\/index.php\/wp-json\/wp\/v2\/pages"}],"about":[{"href":"https:\/\/www.aimg-mp.com\/index.php\/wp-json\/wp\/v2\/types\/page"}],"author":[{"embeddable":true,"href":"https:\/\/www.aimg-mp.com\/index.php\/wp-json\/wp\/v2\/users\/413"}],"replies":[{"embeddable":true,"href":"https:\/\/www.aimg-mp.com\/index.php\/wp-json\/wp\/v2\/comments?post=5845"}],"version-history":[{"count":0,"href":"https:\/\/www.aimg-mp.com\/index.php\/wp-json\/wp\/v2\/pages\/5845\/revisions"}],"wp:attachment":[{"href":"https:\/\/www.aimg-mp.com\/index.php\/wp-json\/wp\/v2\/media?parent=5845"}],"curies":[{"name":"wp","href":"https:\/\/api.w.org\/{rel}","templated":true}]}}