{"id":5837,"date":"2019-10-16T21:49:02","date_gmt":"2019-10-16T19:49:02","guid":{"rendered":"https:\/\/www.aimg-mp.com\/?page_id=5837"},"modified":"2022-09-27T21:09:10","modified_gmt":"2022-09-27T19:09:10","slug":"debuter-les-remplacements","status":"publish","type":"page","link":"https:\/\/www.aimg-mp.com\/index.php\/debuter-les-remplacements\/","title":{"rendered":"D\u00e9buter les remplacements"},"content":{"rendered":"\r\n<ul>\r\n<li>O\u00f9 faire les remplacements ?<\/li>\r\n<li>Quelles sont les d\u00e9marches \u00e0 effectuer ?\u00a0<\/li>\r\n<li>Financi\u00e8rement comment cela se passe ?<\/li>\r\n<li>Y a-t-il des contacts d&#8217;assurances particuliers ?<\/li>\r\n<li>&#8230;<\/li>\r\n<\/ul>\r\n<p>Que de questions avant de pouvoir commencer les remplacements. Voici en lien les r\u00e9ponses \u00e0 toutes vos questions &#8230; \u00a0Bonne lecture et bon rempla !\u00a0<\/p>\r\n<p><a href=\"https:\/\/www.aimg-mp.com\/wp-content\/uploads\/2021\/04\/Premiers-remplas_Mip-AIMG_2021-1.pdf\">Premiers remplas_Mip-AIMG_2021 (1)<\/a><\/p>\r\n<p><a href=\"https:\/\/www.aimg-mp.com\/wp-content\/uploads\/2019\/04\/SoireeRempla_MipAGJIR.pdf\">SoireeRempla_MipAGJIR<\/a><\/p>\r\n","protected":false},"excerpt":{"rendered":"<p>O\u00f9 faire les remplacements ? Quelles sont les d\u00e9marches \u00e0 effectuer ?\u00a0 Financi\u00e8rement comment cela se passe ? Y a-t-il des contacts d&#8217;assurances particuliers ? &#8230; Que de questions avant de pouvoir commencer les remplacements. Voici en lien les r\u00e9ponses &hellip; <a href=\"https:\/\/www.aimg-mp.com\/index.php\/debuter-les-remplacements\/\">Continuer la lecture <span class=\"meta-nav\">&rarr;<\/span><\/a><\/p>\n","protected":false},"author":413,"featured_media":0,"parent":0,"menu_order":0,"comment_status":"closed","ping_status":"closed","template":"","meta":{"footnotes":""},"class_list":["post-5837","page","type-page","status-publish","hentry"],"_links":{"self":[{"href":"https:\/\/www.aimg-mp.com\/index.php\/wp-json\/wp\/v2\/pages\/5837","targetHints":{"allow":["GET"]}}],"collection":[{"href":"https:\/\/www.aimg-mp.com\/index.php\/wp-json\/wp\/v2\/pages"}],"about":[{"href":"https:\/\/www.aimg-mp.com\/index.php\/wp-json\/wp\/v2\/types\/page"}],"author":[{"embeddable":true,"href":"https:\/\/www.aimg-mp.com\/index.php\/wp-json\/wp\/v2\/users\/413"}],"replies":[{"embeddable":true,"href":"https:\/\/www.aimg-mp.com\/index.php\/wp-json\/wp\/v2\/comments?post=5837"}],"version-history":[{"count":0,"href":"https:\/\/www.aimg-mp.com\/index.php\/wp-json\/wp\/v2\/pages\/5837\/revisions"}],"wp:attachment":[{"href":"https:\/\/www.aimg-mp.com\/index.php\/wp-json\/wp\/v2\/media?parent=5837"}],"curies":[{"name":"wp","href":"https:\/\/api.w.org\/{rel}","templated":true}]}}