{"id":47,"date":"2018-04-08T10:46:18","date_gmt":"2018-04-08T08:46:18","guid":{"rendered":"http:\/\/aimgmpcomm.cluster026.hosting.ovh.net\/?page_id=47"},"modified":"2023-03-05T16:09:16","modified_gmt":"2023-03-05T15:09:16","slug":"adhesion","status":"publish","type":"page","link":"https:\/\/www.aimg-mp.com\/index.php\/adhesion\/","title":{"rendered":"Adh\u00e9sion"},"content":{"rendered":"<p style=\"text-align: justify;\">Pour rejoindre notre association, rien de plus simple !<\/p>\n<p style=\"text-align: justify;\">Il te suffit de remplir le formulaire en ligne ci-dessous :<\/p>\n<p style=\"text-align: justify;\">L&#8217;adh\u00e9sion \u00e0 l&#8217;AIMG-MP entraine une adh\u00e9sion automatique \u00e0 l&#8217;ISNAR-IMG (InterSyndicale Autonome Repr\u00e9sentative des Internes de M\u00e9decine G\u00e9n\u00e9rale)<\/p>\n<p style=\"text-align: justify;\">En adh\u00e9rant \u00e0 l&#8217;AIMG-MP, je m&#8217;engage \u00e0 respecter les conditions d&#8217;adh\u00e9sion suivantes :<br \/>\n&#8211; <strong>Adh\u00e9sion semestrielle<\/strong> (pas de r\u00e9siliation en cours de semestre possible)<br \/>\n&#8211; <strong>Renouvellement tacite<\/strong> chaque semestre jusqu&#8217;\u00e0 la fin de mon DES.<\/p>\n<p style=\"text-align: justify;\"><strong>Conform\u00e9ment au R\u00e8glement europ\u00e9en sur la protection des donn\u00e9es personnelles du 25 mai 2018, je d\u00e9clare accepter de figurer sur un fichier informatique. Je peux exercer mon droit d&#8217;acc\u00e8s et de rectification de toute information me concernant et figurant sur ce fichier.<\/strong> En contrepartie, l&#8217;AIMG-MP s&#8217;engage \u00e0 ne pas diffuser ce fichier.<\/p>\n<p style=\"text-align: justify;\">Tarif de cotisation \u00e0 l&#8217;AIMG-MP : 40\u20ac pr\u00e9lev\u00e9s au d\u00e9but de chaque semestre (les tarifs peuvent \u00e9voluer durant le DES)<\/p>\n<p><span style=\"font-size: 12px;\"><em>Pour celles et ceux qui voudraient adh\u00e9rer apr\u00e8s l&#8217;internat pour continuer \u00e0 suivre les soir\u00e9es de formation, c&#8217;est par <a href=\"https:\/\/www.aimg-mp.com\/index.php\/adhesion-post-internat\/\">ici<\/a><\/em><\/span><\/p>\n<div role=\"form\" class=\"wpcf7\" id=\"wpcf7-f13195-o1\" lang=\"fr-FR\" dir=\"ltr\">\n<div class=\"screen-reader-response\"><p role=\"status\" aria-live=\"polite\" aria-atomic=\"true\"><\/p> <ul><\/ul><\/div>\n<form action=\"\/index.php\/wp-json\/wp\/v2\/pages\/47#wpcf7-f13195-o1\" method=\"post\" class=\"wpcf7-form init\" enctype=\"multipart\/form-data\" novalidate=\"novalidate\" data-status=\"init\">\n<div style=\"display: none;\">\n<input type=\"hidden\" name=\"_wpcf7\" value=\"13195\" \/>\n<input type=\"hidden\" name=\"_wpcf7_version\" value=\"5.5.2\" \/>\n<input type=\"hidden\" name=\"_wpcf7_locale\" value=\"fr_FR\" \/>\n<input type=\"hidden\" name=\"_wpcf7_unit_tag\" value=\"wpcf7-f13195-o1\" \/>\n<input type=\"hidden\" name=\"_wpcf7_container_post\" value=\"0\" \/>\n<input type=\"hidden\" name=\"_wpcf7_posted_data_hash\" value=\"\" \/>\n<\/div>\n<p><label> Nom (required)<br \/>\n  <span class=\"wpcf7-form-control-wrap Nom\"><input type=\"text\" name=\"Nom\" value=\"\" size=\"40\" class=\"wpcf7-form-control wpcf7-text wpcf7-validates-as-required\" aria-required=\"true\" aria-invalid=\"false\" \/><\/span> <\/label><\/p>\n<p><label> Prenom (required)<br \/>\n  <span class=\"wpcf7-form-control-wrap Prenom\"><input type=\"text\" name=\"Prenom\" value=\"\" size=\"40\" class=\"wpcf7-form-control wpcf7-text wpcf7-validates-as-required\" aria-required=\"true\" aria-invalid=\"false\" \/><\/span> <\/label><\/p>\n<p><label> Date de naissance (required)<br \/>\n  <span class=\"wpcf7-form-control-wrap datedenaissance\"><input type=\"text\" name=\"datedenaissance\" value=\"\" size=\"40\" class=\"wpcf7-form-control wpcf7-text wpcf7-validates-as-required\" aria-required=\"true\" aria-invalid=\"false\" placeholder=\"JJ\/MM\/ANNE\" \/><\/span> <\/label><\/p>\n<p><label> T\u00e9l\u00e9phone (required)<br \/>\n  <span class=\"wpcf7-form-control-wrap tel-13\"><input type=\"tel\" name=\"tel-13\" value=\"\" size=\"40\" class=\"wpcf7-form-control wpcf7-text wpcf7-tel wpcf7-validates-as-required wpcf7-validates-as-tel\" aria-required=\"true\" aria-invalid=\"false\" \/><\/span> <\/label><\/p>\n<p><label> Adresse mail (required)<br \/>\n  <span class=\"wpcf7-form-control-wrap adresse-email\"><input type=\"email\" name=\"adresse-email\" value=\"\" size=\"40\" class=\"wpcf7-form-control wpcf7-text wpcf7-email wpcf7-validates-as-required wpcf7-validates-as-email\" aria-required=\"true\" aria-invalid=\"false\" \/><\/span> <\/label><\/p>\n<p>J'accepte que mon adresse mail soit diffus\u00e9e aux responsables de GPP - Groupe de Partage de Pratique - afin d'obtenir des informations relatives \u00e0 mon lieu de stage (required)<br \/>\n<span class=\"wpcf7-form-control-wrap diffusionadresssemail\"><span class=\"wpcf7-form-control wpcf7-checkbox wpcf7-validates-as-required wpcf7-exclusive-checkbox\"><span class=\"wpcf7-list-item first\"><label><span class=\"wpcf7-list-item-label\">oui<\/span><input type=\"checkbox\" name=\"diffusionadresssemail\" value=\"oui\" \/><\/label><\/span><span class=\"wpcf7-list-item last\"><label><span class=\"wpcf7-list-item-label\">non<\/span><input type=\"checkbox\" name=\"diffusionadresssemail\" value=\"non\" \/><\/label><\/span><\/span><\/span><\/p>\n<p><label> Adresse (required)<br \/>\n  <span class=\"wpcf7-form-control-wrap adresse\"><input type=\"text\" name=\"adresse\" value=\"\" size=\"40\" class=\"wpcf7-form-control wpcf7-text\" aria-invalid=\"false\" \/><\/span> <\/label><\/p>\n<p><label> Code postal (required)<br \/>\n  <span class=\"wpcf7-form-control-wrap codepostal\"><input type=\"text\" name=\"codepostal\" value=\"\" size=\"40\" class=\"wpcf7-form-control wpcf7-text\" aria-invalid=\"false\" placeholder=\"65000\" \/><\/span> <\/label><\/p>\n<p><label> IBAN (required)<br \/>\n  <span class=\"wpcf7-form-control-wrap IBAN\"><input type=\"text\" name=\"IBAN\" value=\"\" size=\"40\" class=\"wpcf7-form-control wpcf7-text wpcf7-validates-as-required\" aria-required=\"true\" aria-invalid=\"false\" placeholder=\"FR76...\" \/><\/span> <\/label> <\/p>\n<p><label> RIB (required)<br \/>\n  <span class=\"wpcf7-form-control-wrap RIB\"><input type=\"file\" name=\"RIB\" size=\"40\" class=\"wpcf7-form-control wpcf7-file wpcf7-validates-as-required\" accept=\".jpg,.jpeg,.png,.gif,.pdf,.doc,.docx,.ppt,.pptx,.odt,.avi,.ogg,.m4a,.mov,.mp3,.mp4,.mpg,.wav,.wmv\" aria-required=\"true\" aria-invalid=\"false\" \/><\/span> <\/label><\/p>\n<p><label> Ville (required)<br \/>\n  <span class=\"wpcf7-form-control-wrap ville\"><input type=\"text\" name=\"ville\" value=\"\" size=\"40\" class=\"wpcf7-form-control wpcf7-text\" aria-invalid=\"false\" \/><\/span> <\/label><\/p>\n<p><label> Ann\u00e9e des ECN (required)<br \/>\n  <span class=\"wpcf7-form-control-wrap annee-ECN\"><input type=\"text\" name=\"annee-ECN\" value=\"\" size=\"40\" class=\"wpcf7-form-control wpcf7-text wpcf7-validates-as-required\" aria-required=\"true\" aria-invalid=\"false\" \/><\/span> <\/label><\/p>\n<p><label> Classement ECN (required)<br \/>\n  <span class=\"wpcf7-form-control-wrap classementECN\"><input type=\"number\" name=\"classementECN\" value=\"\" class=\"wpcf7-form-control wpcf7-number wpcf7-validates-as-number\" min=\"1\" max=\"9000\" aria-invalid=\"false\" \/><\/span> <\/label><\/p>\n<p><label> Ville d'externat (required)<br \/>\n  <span class=\"wpcf7-form-control-wrap Villedexternat\"><select name=\"Villedexternat\" class=\"wpcf7-form-control wpcf7-select wpcf7-validates-as-required\" aria-required=\"true\" aria-invalid=\"false\"><option value=\"\">---<\/option><option value=\"Amiens\">Amiens<\/option><option value=\"Angers\">Angers<\/option><option value=\"Besan\u00e7on\">Besan\u00e7on<\/option><option value=\"Bordeaux\">Bordeaux<\/option><option value=\"Brest\">Brest<\/option><option value=\"Caen\">Caen<\/option><option value=\"Clermont-Ferrand\">Clermont-Ferrand<\/option><option value=\"Dijon\">Dijon<\/option><option value=\"Grenoble\">Grenoble<\/option><option value=\"Lille\">Lille<\/option><option value=\"Limoges\">Limoges<\/option><option value=\"Lyon\">Lyon<\/option><option value=\"Marseille\">Marseille<\/option><option value=\"Montpellier\">Montpellier<\/option><option value=\"Nancy\">Nancy<\/option><option value=\"Nantes\">Nantes<\/option><option value=\"Nice\">Nice<\/option><option value=\"Paris\">Paris<\/option><option value=\"Poitiers\">Poitiers<\/option><option value=\"Reims\">Reims<\/option><option value=\"Rennes\">Rennes<\/option><option value=\"Rouen\">Rouen<\/option><option value=\"Saint-Etienne\">Saint-Etienne<\/option><option value=\"Strasbourg\">Strasbourg<\/option><option value=\"Toulouse\">Toulouse<\/option><option value=\"Tours\">Tours<\/option><\/select><\/span> <\/label><\/p>\n<p>Avez vous pris un CESP (required)<br \/>\n  <span class=\"wpcf7-form-control-wrap CESP\"><span class=\"wpcf7-form-control wpcf7-checkbox wpcf7-validates-as-required wpcf7-exclusive-checkbox\"><span class=\"wpcf7-list-item first\"><label><span class=\"wpcf7-list-item-label\">oui<\/span><input type=\"checkbox\" name=\"CESP\" value=\"oui\" \/><\/label><\/span><span class=\"wpcf7-list-item last\"><label><span class=\"wpcf7-list-item-label\">non<\/span><input type=\"checkbox\" name=\"CESP\" value=\"non\" \/><\/label><\/span><\/span><\/span><\/p>\n<p><input type=\"submit\" value=\"envoyer\" class=\"wpcf7-form-control has-spinner wpcf7-submit\" \/><\/p>\n<div class=\"wpcf7-response-output\" aria-hidden=\"true\"><\/div><\/form><\/div>\n","protected":false},"excerpt":{"rendered":"<p>Pour rejoindre notre association, rien de plus simple ! Il te suffit de remplir le formulaire en ligne ci-dessous : L&#8217;adh\u00e9sion \u00e0 l&#8217;AIMG-MP entraine une adh\u00e9sion automatique \u00e0 l&#8217;ISNAR-IMG (InterSyndicale Autonome Repr\u00e9sentative des Internes de M\u00e9decine G\u00e9n\u00e9rale) En adh\u00e9rant \u00e0 &hellip; <a href=\"https:\/\/www.aimg-mp.com\/index.php\/adhesion\/\">Continuer la lecture <span class=\"meta-nav\">&rarr;<\/span><\/a><\/p>\n","protected":false},"author":413,"featured_media":0,"parent":0,"menu_order":0,"comment_status":"closed","ping_status":"closed","template":"","meta":{"footnotes":""},"class_list":["post-47","page","type-page","status-publish","hentry"],"_links":{"self":[{"href":"https:\/\/www.aimg-mp.com\/index.php\/wp-json\/wp\/v2\/pages\/47","targetHints":{"allow":["GET"]}}],"collection":[{"href":"https:\/\/www.aimg-mp.com\/index.php\/wp-json\/wp\/v2\/pages"}],"about":[{"href":"https:\/\/www.aimg-mp.com\/index.php\/wp-json\/wp\/v2\/types\/page"}],"author":[{"embeddable":true,"href":"https:\/\/www.aimg-mp.com\/index.php\/wp-json\/wp\/v2\/users\/413"}],"replies":[{"embeddable":true,"href":"https:\/\/www.aimg-mp.com\/index.php\/wp-json\/wp\/v2\/comments?post=47"}],"version-history":[{"count":0,"href":"https:\/\/www.aimg-mp.com\/index.php\/wp-json\/wp\/v2\/pages\/47\/revisions"}],"wp:attachment":[{"href":"https:\/\/www.aimg-mp.com\/index.php\/wp-json\/wp\/v2\/media?parent=47"}],"curies":[{"name":"wp","href":"https:\/\/api.w.org\/{rel}","templated":true}]}}