{"id":3294,"date":"2018-12-19T21:46:33","date_gmt":"2018-12-19T20:46:33","guid":{"rendered":"https:\/\/www.aimg-mp.com\/?page_id=3294"},"modified":"2023-05-02T12:10:12","modified_gmt":"2023-05-02T10:10:12","slug":"soirees-de-formations","status":"publish","type":"page","link":"https:\/\/www.aimg-mp.com\/index.php\/soirees-de-formations\/","title":{"rendered":"Soir\u00e9es de formations"},"content":{"rendered":"<p>Chaque ann\u00e9e, l&#8217;AIMG-MP organise pour ses adh\u00e9rents des soir\u00e9es de formation pour compl\u00e9ter notre apprentissage de la m\u00e9decine et de la vie d&#8217;interne. Les th\u00e8mes abord\u00e9s sont par exemple les suivants :<br \/>\n\u25ca Fiscalit\u00e9<br \/>\n\u25ca Remplacement<br \/>\n\u25ca N\u00e9phrologie<br \/>\n\u25ca Dermatologie<\/p>\n<p>Si vous avez des id\u00e9es pour d&#8217;autres soir\u00e9es, n&#8217;h\u00e9sitez pas \u00e0 nous en faire part !<\/p>\n<p><code><span class=\"rcp-restricted-content-message\">You do not have access to this post.<\/span><\/code><\/p>\n","protected":false},"excerpt":{"rendered":"<p>Chaque ann\u00e9e, l&#8217;AIMG-MP organise pour ses adh\u00e9rents des soir\u00e9es de formation pour compl\u00e9ter notre apprentissage de la m\u00e9decine et de la vie d&#8217;interne. Les th\u00e8mes abord\u00e9s sont par exemple les suivants : \u25ca Fiscalit\u00e9 \u25ca Remplacement \u25ca N\u00e9phrologie \u25ca Dermatologie &hellip; <a href=\"https:\/\/www.aimg-mp.com\/index.php\/soirees-de-formations\/\">Continuer la lecture <span class=\"meta-nav\">&rarr;<\/span><\/a><\/p>\n","protected":false},"author":413,"featured_media":0,"parent":0,"menu_order":0,"comment_status":"closed","ping_status":"closed","template":"","meta":{"footnotes":""},"class_list":["post-3294","page","type-page","status-publish","hentry"],"_links":{"self":[{"href":"https:\/\/www.aimg-mp.com\/index.php\/wp-json\/wp\/v2\/pages\/3294","targetHints":{"allow":["GET"]}}],"collection":[{"href":"https:\/\/www.aimg-mp.com\/index.php\/wp-json\/wp\/v2\/pages"}],"about":[{"href":"https:\/\/www.aimg-mp.com\/index.php\/wp-json\/wp\/v2\/types\/page"}],"author":[{"embeddable":true,"href":"https:\/\/www.aimg-mp.com\/index.php\/wp-json\/wp\/v2\/users\/413"}],"replies":[{"embeddable":true,"href":"https:\/\/www.aimg-mp.com\/index.php\/wp-json\/wp\/v2\/comments?post=3294"}],"version-history":[{"count":0,"href":"https:\/\/www.aimg-mp.com\/index.php\/wp-json\/wp\/v2\/pages\/3294\/revisions"}],"wp:attachment":[{"href":"https:\/\/www.aimg-mp.com\/index.php\/wp-json\/wp\/v2\/media?parent=3294"}],"curies":[{"name":"wp","href":"https:\/\/api.w.org\/{rel}","templated":true}]}}