{"id":25084,"date":"2026-03-18T19:23:57","date_gmt":"2026-03-18T18:23:57","guid":{"rendered":"https:\/\/www.aimg-mp.com\/?page_id=25084"},"modified":"2026-03-24T18:30:47","modified_gmt":"2026-03-24T17:30:47","slug":"medecine-adulte-hautes-pyrenees-65","status":"publish","type":"page","link":"https:\/\/www.aimg-mp.com\/index.php\/medecine-adulte-hautes-pyrenees-65\/","title":{"rendered":"M\u00e9decine adulte &#8211; Hautes-Pyr\u00e9n\u00e9es 65"},"content":{"rendered":"<span class=\"rcp-restricted-content-message\">You do not have access to this post.<\/span>\n","protected":false},"excerpt":{"rendered":"","protected":false},"author":1440,"featured_media":0,"parent":0,"menu_order":0,"comment_status":"closed","ping_status":"closed","template":"","meta":{"footnotes":""},"class_list":["post-25084","page","type-page","status-publish","hentry"],"_links":{"self":[{"href":"https:\/\/www.aimg-mp.com\/index.php\/wp-json\/wp\/v2\/pages\/25084","targetHints":{"allow":["GET"]}}],"collection":[{"href":"https:\/\/www.aimg-mp.com\/index.php\/wp-json\/wp\/v2\/pages"}],"about":[{"href":"https:\/\/www.aimg-mp.com\/index.php\/wp-json\/wp\/v2\/types\/page"}],"author":[{"embeddable":true,"href":"https:\/\/www.aimg-mp.com\/index.php\/wp-json\/wp\/v2\/users\/1440"}],"replies":[{"embeddable":true,"href":"https:\/\/www.aimg-mp.com\/index.php\/wp-json\/wp\/v2\/comments?post=25084"}],"version-history":[{"count":7,"href":"https:\/\/www.aimg-mp.com\/index.php\/wp-json\/wp\/v2\/pages\/25084\/revisions"}],"predecessor-version":[{"id":25086,"href":"https:\/\/www.aimg-mp.com\/index.php\/wp-json\/wp\/v2\/pages\/25084\/revisions\/25086"}],"wp:attachment":[{"href":"https:\/\/www.aimg-mp.com\/index.php\/wp-json\/wp\/v2\/media?parent=25084"}],"curies":[{"name":"wp","href":"https:\/\/api.w.org\/{rel}","templated":true}]}}