{"id":207,"date":"2018-04-23T15:42:27","date_gmt":"2018-04-23T13:42:27","guid":{"rendered":"http:\/\/aimgmpcomm.cluster026.hosting.ovh.net\/?page_id=207"},"modified":"2026-03-03T10:59:39","modified_gmt":"2026-03-03T09:59:39","slug":"evaluer-les-stages","status":"publish","type":"page","link":"https:\/\/www.aimg-mp.com\/index.php\/evaluer-les-stages\/","title":{"rendered":"Evaluer les stages"},"content":{"rendered":"<p dir=\"ltr\" style=\"text-align: center;\"><span style=\"color: #000000;\"><span style=\"font-size: 20px;\"><span style=\"font-family: arial, helvetica, sans-serif;\"><strong>Les formulaires d&#8217;\u00e9valuation des terrains de stage<\/strong><\/span><\/span><\/span><\/p>\n<p><span style=\"font-family: arial, helvetica, sans-serif; color: #ffffff;\">Merci pour vos avis, RDV au prochain semestre !<\/span><\/p>\n<p><span style=\"font-family: arial, helvetica, sans-serif; color: #000000;\">Tu viens de survivre \u00e0 un stage de r\u00eave (ou de cauchemar) ? Tu as des tips secrets, des anecdotes croustillantes ou juste une bonne adresse pour le caf\u00e9 de garde ? Partage ton exp\u00e9rience pour guider les prochains internes dans leur choix de stage !<\/span><\/p>\n<p><span style=\"font-family: arial, helvetica, sans-serif; color: #000000;\">Un petit avis, un grand service rendu. Alors, l\u00e2che-toi, sois sinc\u00e8re et aide tes coll\u00e8gues \u00e0 \u00e9viter (ou \u00e0 foncer dans) certains services.<\/span><\/p>\n<p>&nbsp;<\/p>\n<p dir=\"ltr\"><span style=\"color: #000000;\"><span class=\"rcp-restricted-content-message\">You do not have access to this post.<\/span><\/span><\/p>\n","protected":false},"excerpt":{"rendered":"<p>Les formulaires d&#8217;\u00e9valuation des terrains de stage Merci pour vos avis, RDV au prochain semestre ! Tu viens de survivre \u00e0 un stage de r\u00eave (ou de cauchemar) ? Tu as des tips secrets, des anecdotes croustillantes ou juste une &hellip; <a href=\"https:\/\/www.aimg-mp.com\/index.php\/evaluer-les-stages\/\">Continuer la lecture <span class=\"meta-nav\">&rarr;<\/span><\/a><\/p>\n","protected":false},"author":413,"featured_media":0,"parent":0,"menu_order":0,"comment_status":"closed","ping_status":"closed","template":"","meta":{"footnotes":""},"class_list":["post-207","page","type-page","status-publish","hentry"],"_links":{"self":[{"href":"https:\/\/www.aimg-mp.com\/index.php\/wp-json\/wp\/v2\/pages\/207","targetHints":{"allow":["GET"]}}],"collection":[{"href":"https:\/\/www.aimg-mp.com\/index.php\/wp-json\/wp\/v2\/pages"}],"about":[{"href":"https:\/\/www.aimg-mp.com\/index.php\/wp-json\/wp\/v2\/types\/page"}],"author":[{"embeddable":true,"href":"https:\/\/www.aimg-mp.com\/index.php\/wp-json\/wp\/v2\/users\/413"}],"replies":[{"embeddable":true,"href":"https:\/\/www.aimg-mp.com\/index.php\/wp-json\/wp\/v2\/comments?post=207"}],"version-history":[{"count":16,"href":"https:\/\/www.aimg-mp.com\/index.php\/wp-json\/wp\/v2\/pages\/207\/revisions"}],"predecessor-version":[{"id":24796,"href":"https:\/\/www.aimg-mp.com\/index.php\/wp-json\/wp\/v2\/pages\/207\/revisions\/24796"}],"wp:attachment":[{"href":"https:\/\/www.aimg-mp.com\/index.php\/wp-json\/wp\/v2\/media?parent=207"}],"curies":[{"name":"wp","href":"https:\/\/api.w.org\/{rel}","templated":true}]}}