{"id":17323,"date":"2022-03-01T13:53:29","date_gmt":"2022-03-01T12:53:29","guid":{"rendered":"https:\/\/www.aimg-mp.com\/?page_id=17323"},"modified":"2022-03-01T13:53:55","modified_gmt":"2022-03-01T12:53:55","slug":"caussade-maison-des-internes","status":"publish","type":"page","link":"https:\/\/www.aimg-mp.com\/index.php\/caussade-maison-des-internes\/","title":{"rendered":"Caussade &#8211; Maison des Internes"},"content":{"rendered":"<ul style=\"list-style-type: disc;\">\n<li><strong><span style=\"color: #000080;\">&#8220;L&#8217;internat&#8221;<\/span><br \/>\n<\/strong>En plein centre-ville et proche d&#8217;une maison m\u00e9dicale<br \/>\n36 rue Basse<br \/>\n82300 Caussade<\/li>\n<\/ul>\n\n<div class=\"sp-wrap sp-wrap-default\">\n<div class=\"sp-head\" title=\"Expand\">\nHiver 2021-2022\n<\/div>\n<div class=\"sp-body folded\">\n<\/p>\n<div class=\"sp-wrap sp-wrap-default\">\n<div class=\"sp-head\" title=\"Expand\">\nEvaluation 1\n<\/div>\n<div class=\"sp-body folded\">\n<p><u>Nom du logement :<\/u>\u00a0 Maison des Internes<\/p>\n<p><u>Adresse du logement :<\/u> 36 rue Basse, 82300 Caussade<\/p>\n<p><u>Nombre d\u2019internes log\u00e9s dans ce site :<\/u> Pour l&#8217;instant 1 mais peut accueillir 5 personnes au moins<\/p>\n<p><u>Qualit\u00e9 g\u00e9n\u00e9rale de l\u2019espace priv\u00e9 :<\/u> 10<\/p>\n<p><u>Commentaires :<\/u> Possibilit\u00e9 d&#8217;avoir un petit studio si on veut s&#8217;isoler.<\/p>\n<p><u>Qualit\u00e9 g\u00e9n\u00e9rale de l\u2019espace commun :<\/u> 10<\/p>\n<p><u>Commentaires : <\/u>Grande cuisine commune tr\u00e8s bien \u00e9quip\u00e9e. Lave linge,lave vaisselle, four, micro-ondes.<\/p>\n<p><u>Qualit\u00e9 g\u00e9n\u00e9rale de l\u2019alimentation :<\/u> 10<\/p>\n<p><u>Commentaires :<\/u> L&#8217;alimentation est \u00e0 la charge de l&#8217;interne donc&#8230;<\/p>\n<p><u>Entretien des locaux :<\/u> non<\/p>\n<p><u>Possibilit\u00e9 d&#8217;avoir internet (Wifi) :<\/u> Oui<\/p>\n<p><u>Qualit\u00e9 des soir\u00e9es internat :<\/u>Pas de soir\u00e9es &#8230;<\/p>\n<p><u>Localisation de l\u2019internat par rapport \u00e0 l\u2019h\u00f4pital :<\/u> Tr\u00e8s pr\u00e8s du cabinet (500 m), maison m\u00e9dicale<\/p>\n<p><u>Localisation de l\u2019internat par rapport au centre-ville :<\/u> au centre ville<\/p>\n<p><div class=\"spdiv\">[collapse]<\/div>\n<\/div>\n<\/div>\n<p>\n<div class=\"spdiv\">[collapse]<\/div>\n<\/div>\n<\/div>\n\n\n<div class=\"sp-wrap sp-wrap-default\">\n<div class=\"sp-head\" title=\"Expand\">\nEvaluations ant\u00e9rieures\n<\/div>\n<div class=\"sp-body folded\">\n<\/p>\n<div class=\"sp-wrap sp-wrap-default\">\n<div class=\"sp-head\" title=\"Expand\">\nEvaluation 1\n<\/div>\n<div class=\"sp-body folded\">\n<p>Nom du logement :<span class=\"Apple-converted-space\">\u00a0 <\/span>Maison des Internes<\/p>\n<p>Adresse du logement : 36 rue Basse, 82300 Caussade<\/p>\n<p>Nombre d\u2019internes log\u00e9s dans ce site : Pour l&#8217;instant 1 mais peut accueillir 5 personnes au moins<\/p>\n<p>Qualit\u00e9 g\u00e9n\u00e9rale de l\u2019espace priv\u00e9 : 10<\/p>\n<p>Commentaires : Possibilit\u00e9 d&#8217;avoir un petit studio si on veut s&#8217;isoler.<\/p>\n<p>Qualit\u00e9 g\u00e9n\u00e9rale de l\u2019espace commun : 10<\/p>\n<p>Commentaires : Grande cuisine commune tr\u00e8s bien \u00e9quip\u00e9e. Lave linge,lave vaisselle, four, micro-ondes.<\/p>\n<p>Qualit\u00e9 g\u00e9n\u00e9rale de l\u2019alimentation : 10<\/p>\n<p>Commentaires : L&#8217;alimentation est \u00e0 la charge de l&#8217;interne donc&#8230;<\/p>\n<p>Entretien des locaux : non<\/p>\n<p>Possibilit\u00e9 d&#8217;avoir internet (Wifi) : Oui<\/p>\n<p>Qualit\u00e9 des soir\u00e9es internat :Pas de soir\u00e9es &#8230;<\/p>\n<p>Localisation de l\u2019internat par rapport \u00e0 l\u2019h\u00f4pital : Tr\u00e8s pr\u00e8s du cabinet (500 m), maison m\u00e9dicale<\/p>\n<p>Localisation de l\u2019internat par rapport au centre-ville : au centre ville<\/p>\n<p><div class=\"spdiv\">[collapse]<\/div>\n<\/div>\n<\/div>\n<p>\n<div class=\"spdiv\">[collapse]<\/div>\n<\/div>\n<\/div>\n\n","protected":false},"excerpt":{"rendered":"<p>&#8220;L&#8217;internat&#8221; En plein centre-ville et proche d&#8217;une maison m\u00e9dicale 36 rue Basse 82300 Caussade<\/p>\n","protected":false},"author":963,"featured_media":0,"parent":0,"menu_order":0,"comment_status":"closed","ping_status":"closed","template":"","meta":{"footnotes":""},"class_list":["post-17323","page","type-page","status-publish","hentry"],"_links":{"self":[{"href":"https:\/\/www.aimg-mp.com\/index.php\/wp-json\/wp\/v2\/pages\/17323","targetHints":{"allow":["GET"]}}],"collection":[{"href":"https:\/\/www.aimg-mp.com\/index.php\/wp-json\/wp\/v2\/pages"}],"about":[{"href":"https:\/\/www.aimg-mp.com\/index.php\/wp-json\/wp\/v2\/types\/page"}],"author":[{"embeddable":true,"href":"https:\/\/www.aimg-mp.com\/index.php\/wp-json\/wp\/v2\/users\/963"}],"replies":[{"embeddable":true,"href":"https:\/\/www.aimg-mp.com\/index.php\/wp-json\/wp\/v2\/comments?post=17323"}],"version-history":[{"count":0,"href":"https:\/\/www.aimg-mp.com\/index.php\/wp-json\/wp\/v2\/pages\/17323\/revisions"}],"wp:attachment":[{"href":"https:\/\/www.aimg-mp.com\/index.php\/wp-json\/wp\/v2\/media?parent=17323"}],"curies":[{"name":"wp","href":"https:\/\/api.w.org\/{rel}","templated":true}]}}