{"id":173,"date":"2018-04-17T14:02:51","date_gmt":"2018-04-17T12:02:51","guid":{"rendered":"http:\/\/aimgmpcomm.cluster026.hosting.ovh.net\/?page_id=173"},"modified":"2023-03-23T23:26:43","modified_gmt":"2023-03-23T22:26:43","slug":"cas-particuliers","status":"publish","type":"page","link":"https:\/\/www.aimg-mp.com\/index.php\/cas-particuliers\/","title":{"rendered":"Situations particuli\u00e8res"},"content":{"rendered":"<p>Il existe plusieurs situations particuli\u00e8res (plus d&#8217;informations en cliquant sur les liens):<\/p>\n<ul style=\"list-style-type: disc;\">\n<li><a title=\"Disponibilit\u00e9s\" href=\"https:\/\/www.aimg-mp.com\/index.php\/cas-particuliers\/disponibilite\/\">Les disponibilit\u00e9s<\/a><\/li>\n<li><a title=\"Grossesse\" href=\"https:\/\/www.aimg-mp.com\/index.php\/cas-particuliers\/grossesse\/\">La grossesse<\/a><\/li>\n<li><a title=\"Cong\u00e9s maternit\u00e9 et paternit\u00e9\" href=\"https:\/\/www.aimg-mp.com\/index.php\/cas-particuliers\/conges-maternite-et-paternite\/\">Les cong\u00e9s maternit\u00e9 et paternit\u00e9<\/a><\/li>\n<li><a title=\"Arret de travail\" href=\"https:\/\/www.aimg-mp.com\/index.php\/cas-particuliers\/arret-de-travail\/\">Les arr\u00eats de travail, accidents de travail et affections de longue dur\u00e9e<\/a><\/li>\n<\/ul>\n<p style=\"text-align: center;\"><span style=\"color: #0000ff;\"><strong>Pour aller plus loin <\/strong><\/span><\/p>\n<p><a href=\"https:\/\/www.isnar-img.com\/protection-sociale\/maladie\/\"><span style=\"font-weight: 400;\">\u201cProtection Sociale, Maladie\u201d<\/span><\/a><span style=\"font-weight: 400;\"> sur le site de l\u2019ISNAR-IMG<\/span><\/p>\n<p><a href=\"https:\/\/www.isnar-img.com\/wp-content\/uploads\/guide-protection-social-img-odontologie-pharmacie.pdf\"><span style=\"font-weight: 400;\">Le guide relatif \u00e0 la protection sociale des internes en m\u00e9decine, odontologie et pharmacie<\/span><\/a><\/p>\n","protected":false},"excerpt":{"rendered":"<p>Il existe plusieurs situations particuli\u00e8res (plus d&#8217;informations en cliquant sur les liens): Les disponibilit\u00e9s La grossesse Les cong\u00e9s maternit\u00e9 et paternit\u00e9 Les arr\u00eats de travail, accidents de travail et affections de longue dur\u00e9e Pour aller plus loin \u201cProtection Sociale, Maladie\u201d &hellip; <a href=\"https:\/\/www.aimg-mp.com\/index.php\/cas-particuliers\/\">Continuer la lecture <span class=\"meta-nav\">&rarr;<\/span><\/a><\/p>\n","protected":false},"author":413,"featured_media":0,"parent":0,"menu_order":0,"comment_status":"closed","ping_status":"closed","template":"","meta":{"footnotes":""},"class_list":["post-173","page","type-page","status-publish","hentry"],"_links":{"self":[{"href":"https:\/\/www.aimg-mp.com\/index.php\/wp-json\/wp\/v2\/pages\/173","targetHints":{"allow":["GET"]}}],"collection":[{"href":"https:\/\/www.aimg-mp.com\/index.php\/wp-json\/wp\/v2\/pages"}],"about":[{"href":"https:\/\/www.aimg-mp.com\/index.php\/wp-json\/wp\/v2\/types\/page"}],"author":[{"embeddable":true,"href":"https:\/\/www.aimg-mp.com\/index.php\/wp-json\/wp\/v2\/users\/413"}],"replies":[{"embeddable":true,"href":"https:\/\/www.aimg-mp.com\/index.php\/wp-json\/wp\/v2\/comments?post=173"}],"version-history":[{"count":0,"href":"https:\/\/www.aimg-mp.com\/index.php\/wp-json\/wp\/v2\/pages\/173\/revisions"}],"wp:attachment":[{"href":"https:\/\/www.aimg-mp.com\/index.php\/wp-json\/wp\/v2\/media?parent=173"}],"curies":[{"name":"wp","href":"https:\/\/api.w.org\/{rel}","templated":true}]}}