{"id":16968,"date":"2022-02-15T17:51:53","date_gmt":"2022-02-15T16:51:53","guid":{"rendered":"https:\/\/www.aimg-mp.com\/?page_id=16968"},"modified":"2025-04-17T21:11:39","modified_gmt":"2025-04-17T19:11:39","slug":"these","status":"publish","type":"page","link":"https:\/\/www.aimg-mp.com\/index.php\/these\/","title":{"rendered":"Th\u00e8se"},"content":{"rendered":"<p>Trouvez ici toutes les informations pour bien d\u00e9buter votre th\u00e8se !<\/p>\n<ul style=\"list-style-type: disc;\">\n<li>Liste des diff\u00e9rents enseignants ressources par th\u00e8me : <a href=\"https:\/\/www.aimg-mp.com\/wp-content\/uploads\/2022\/02\/Direction-de-Theses.docx\">Direction de Th\u00e8ses<\/a><\/li>\n<li>Lien vers le site du DUMG : <a href=\"https:\/\/dumg-toulouse.fr\/categorie\/diplome-de-docteur-en-medecine-these\">ici<\/a><\/li>\n<li>Trouver un bin\u00f4me et un directeur de th\u00e8se : <a href=\"https:\/\/docs.google.com\/spreadsheets\/d\/1WAAL3YQQaQPHcy99PSvuzTR53-4jMvgV2p_YHSRruOY\/edit?usp=sharing\">Th\u00e8seder<\/a><\/li>\n<li>Potentiel directeur de th\u00e8se par th\u00e8me : <a href=\"https:\/\/docs.google.com\/spreadsheets\/d\/1v9IVTssX0he0UV0rnfrkoD5FaSEU2oBc\/edit?usp=sharing&amp;ouid=115962919762686462229&amp;rtpof=true&amp;sd=true\">ici<\/a><\/li>\n<\/ul>\n<p>&nbsp;<\/p>\n","protected":false},"excerpt":{"rendered":"<p>Trouvez ici toutes les informations pour bien d\u00e9buter votre th\u00e8se ! Liste des diff\u00e9rents enseignants ressources par th\u00e8me : Direction de Th\u00e8ses Lien vers le site du DUMG : ici Trouver un bin\u00f4me et un directeur de th\u00e8se : Th\u00e8seder &hellip; <a href=\"https:\/\/www.aimg-mp.com\/index.php\/these\/\">Continuer la lecture <span class=\"meta-nav\">&rarr;<\/span><\/a><\/p>\n","protected":false},"author":963,"featured_media":0,"parent":0,"menu_order":0,"comment_status":"closed","ping_status":"closed","template":"","meta":{"footnotes":""},"class_list":["post-16968","page","type-page","status-publish","hentry"],"_links":{"self":[{"href":"https:\/\/www.aimg-mp.com\/index.php\/wp-json\/wp\/v2\/pages\/16968","targetHints":{"allow":["GET"]}}],"collection":[{"href":"https:\/\/www.aimg-mp.com\/index.php\/wp-json\/wp\/v2\/pages"}],"about":[{"href":"https:\/\/www.aimg-mp.com\/index.php\/wp-json\/wp\/v2\/types\/page"}],"author":[{"embeddable":true,"href":"https:\/\/www.aimg-mp.com\/index.php\/wp-json\/wp\/v2\/users\/963"}],"replies":[{"embeddable":true,"href":"https:\/\/www.aimg-mp.com\/index.php\/wp-json\/wp\/v2\/comments?post=16968"}],"version-history":[{"count":2,"href":"https:\/\/www.aimg-mp.com\/index.php\/wp-json\/wp\/v2\/pages\/16968\/revisions"}],"predecessor-version":[{"id":23733,"href":"https:\/\/www.aimg-mp.com\/index.php\/wp-json\/wp\/v2\/pages\/16968\/revisions\/23733"}],"wp:attachment":[{"href":"https:\/\/www.aimg-mp.com\/index.php\/wp-json\/wp\/v2\/media?parent=16968"}],"curies":[{"name":"wp","href":"https:\/\/api.w.org\/{rel}","templated":true}]}}