{"id":16798,"date":"2022-01-28T18:11:33","date_gmt":"2022-01-28T17:11:33","guid":{"rendered":"https:\/\/www.aimg-mp.com\/?page_id=16798"},"modified":"2025-04-05T17:36:50","modified_gmt":"2025-04-05T15:36:50","slug":"partenariats-aude","status":"publish","type":"page","link":"https:\/\/www.aimg-mp.com\/index.php\/partenariats-aude\/","title":{"rendered":"Partenariats Aude"},"content":{"rendered":"<p>D\u00e9couvrez prochainement de nouveaux partenariats dans l&#8217;Aude, ce territoire vaste et majestueux, connu en particulier pour sa ville m\u00e9di\u00e9vale de Carcassonne, situ\u00e9e en zone de sismicit\u00e9 1 (sismicit\u00e9 tr\u00e8s faible).<\/p>\n","protected":false},"excerpt":{"rendered":"<p>D\u00e9couvrez prochainement de nouveaux partenariats dans l&#8217;Aude, ce territoire vaste et majestueux, connu en particulier pour sa ville m\u00e9di\u00e9vale de Carcassonne, situ\u00e9e en zone de sismicit\u00e9 1 (sismicit\u00e9 tr\u00e8s faible).<\/p>\n","protected":false},"author":413,"featured_media":0,"parent":0,"menu_order":0,"comment_status":"closed","ping_status":"closed","template":"","meta":{"footnotes":""},"class_list":["post-16798","page","type-page","status-publish","hentry"],"_links":{"self":[{"href":"https:\/\/www.aimg-mp.com\/index.php\/wp-json\/wp\/v2\/pages\/16798","targetHints":{"allow":["GET"]}}],"collection":[{"href":"https:\/\/www.aimg-mp.com\/index.php\/wp-json\/wp\/v2\/pages"}],"about":[{"href":"https:\/\/www.aimg-mp.com\/index.php\/wp-json\/wp\/v2\/types\/page"}],"author":[{"embeddable":true,"href":"https:\/\/www.aimg-mp.com\/index.php\/wp-json\/wp\/v2\/users\/413"}],"replies":[{"embeddable":true,"href":"https:\/\/www.aimg-mp.com\/index.php\/wp-json\/wp\/v2\/comments?post=16798"}],"version-history":[{"count":2,"href":"https:\/\/www.aimg-mp.com\/index.php\/wp-json\/wp\/v2\/pages\/16798\/revisions"}],"predecessor-version":[{"id":23696,"href":"https:\/\/www.aimg-mp.com\/index.php\/wp-json\/wp\/v2\/pages\/16798\/revisions\/23696"}],"wp:attachment":[{"href":"https:\/\/www.aimg-mp.com\/index.php\/wp-json\/wp\/v2\/media?parent=16798"}],"curies":[{"name":"wp","href":"https:\/\/api.w.org\/{rel}","templated":true}]}}