{"id":16739,"date":"2022-01-28T18:10:51","date_gmt":"2022-01-28T17:10:51","guid":{"rendered":"https:\/\/www.aimg-mp.com\/?page_id=16739"},"modified":"2026-03-11T17:19:42","modified_gmt":"2026-03-11T16:19:42","slug":"partenariats-aimg-mp","status":"publish","type":"page","link":"https:\/\/www.aimg-mp.com\/index.php\/partenariats-aimg-mp\/","title":{"rendered":"Partenariats AIMG-MP"},"content":{"rendered":"<p><span style=\"color: #ff0000; font-size: 20px;\"><strong><a style=\"color: #ff0000;\" href=\"https:\/\/www.macsf.fr\/\">MACSF :<\/a><\/strong><\/span><br \/>\n<img loading=\"lazy\" decoding=\"async\" class=\" wp-image-13806 aligncenter\" src=\"https:\/\/www.aimg-mp.com\/wp-content\/uploads\/2020\/12\/Macsf-grand-logo-nouveau-300x111.png\" alt=\"\" width=\"300\" height=\"111\" srcset=\"https:\/\/www.aimg-mp.com\/wp-content\/uploads\/2020\/12\/Macsf-grand-logo-nouveau-300x111.png 300w, https:\/\/www.aimg-mp.com\/wp-content\/uploads\/2020\/12\/Macsf-grand-logo-nouveau.png 591w\" sizes=\"auto, (max-width: 300px) 100vw, 300px\" \/>La RCP-PJ est offerte aux internes de M\u00e9decine g\u00e9n\u00e9rale en poste. (20\u20ac\/an d\u00e8s la r\u00e9alisation de remplacement)<br \/>\n&#8211; La garantie Protection juridique incluse dans le contrat concerne la vie professionnelle et la vie priv\u00e9e. <span class=\"Apple-converted-space\"><br \/>\n<\/span>&#8211; Le maintien du revenu de l\u2019interne (\u00e9moluments et gardes) en cas d\u2019incapacit\u00e9 temporaire ou invalidit\u00e9 avec une r\u00e9duction de 20% la premi\u00e8re ann\u00e9e d\u2019adh\u00e9sion.<br \/>\n&#8211; La couverture des accidents de la vie<br \/>\n&#8211; L\u2019assurance habitation \u00e0 tarif pr\u00e9f\u00e9rentiel.<br \/>\nEt encore d&#8217;autres offres assurantielles et d\u2019\u00e9pargne \u00e0 d\u00e9couvrir !<\/p>\n<p style=\"text-align: center;\"><span style=\"font-size: 12pt;\"><b><i>Contact<\/i><\/b><strong>: M\u00e9lanie Ferran<\/strong><\/span><\/p>\n<div style=\"text-align: center;\"><span style=\"font-size: 12pt;\">1 avenue George Pompidou, 31000 Toulouse<\/span><\/div>\n<div style=\"text-align: center;\"><span style=\"font-size: 12pt;\"><a>TOULOUSE@macsf.fr<\/a><\/span><\/div>\n<div style=\"text-align: center;\"><span style=\"font-size: 12pt;\"><b>\u260e <\/b>07.63.77.99.36<\/span><\/div>\n<p>&nbsp;<\/p>\n<p><span style=\"text-decoration: underline; color: #ff0000; font-size: 20px;\"><strong>Revue hospitali\u00e8re :<\/strong><\/span><br \/>\nLa revue hospitali\u00e8re est une revue m\u00e9dicale disponible sur notre site internet tous les 3 mois.<\/p>\n<p><span style=\"color: #c80d25; font-size: 20px;\"><a style=\"color: #ff0000;\" href=\"https:\/\/www.ordotype.fr\/syndicats-dinternes\/aimg-mp\"><span style=\"text-decoration: underline;\"><strong>Ordotype :<\/strong><\/span><\/a><\/span><\/p>\n<p>&nbsp;<\/p>\n<p>&nbsp;<\/p>\n<p><img loading=\"lazy\" decoding=\"async\" class=\"aligncenter wp-image-24890\" src=\"https:\/\/www.aimg-mp.com\/wp-content\/uploads\/2026\/03\/Ordotype-logo-1024x183.png\" alt=\"Ordotype\" width=\"420\" height=\"75\" srcset=\"https:\/\/www.aimg-mp.com\/wp-content\/uploads\/2026\/03\/Ordotype-logo-1024x183.png 1024w, https:\/\/www.aimg-mp.com\/wp-content\/uploads\/2026\/03\/Ordotype-logo-300x54.png 300w, https:\/\/www.aimg-mp.com\/wp-content\/uploads\/2026\/03\/Ordotype-logo-768x137.png 768w, https:\/\/www.aimg-mp.com\/wp-content\/uploads\/2026\/03\/Ordotype-logo.png 1120w\" sizes=\"auto, (max-width: 420px) 100vw, 420px\" \/><\/p>\n<p style=\"text-align: justify;\">Ordotype est un site internet utilis\u00e9 par plus de 29 000 m\u00e9decins, constamment tenu \u00e0 jour, qui regroupe la totalit\u00e9 des informations n\u00e9cessaires \u00e0 la pratique des soins de premiers recours.<\/p>\n<p style=\"text-align: justify;\">Sur Ordotype, vous pourrez trouver :<br \/>\n\u25cf 380+ situations cliniques;<br \/>\n\u25cf 2200+ ordonnances types;<br \/>\n\u25cf 400 + fiches conseil patients;<br \/>\n\u25cf des milliers de documents utiles.<\/p>\n<p style=\"text-align: justify;\">Nos adh\u00e9rents b\u00e9n\u00e9ficient d\u00e8s maintenant d\u2019un acc\u00e8s gratuit au module m\u00e9decine g\u00e9n\u00e9rale pour toute la dur\u00e9e de leur internat.<\/p>\n<p style=\"text-align: justify;\"><span style=\"font-size: 16px;\"><em>Pour pouvoir b\u00e9n\u00e9ficier d&#8217;un compte gratuit &#8220;Adh\u00e9rent AIMG-MP&#8221;, veuillez suivre ces \u00e9tapes :<\/em><\/span><br \/>\n<span style=\"font-size: 16px;\"><em>1) Rendez-vous sur cette adresse: <a href=\"https:\/\/www.ordotype.fr\/syndicats-dinternes\/aimg-mp\">ordotype.fr\/syndicats-dinternes\/aimg-mp<\/a><\/em><\/span><br \/>\n<span style=\"font-size: 16px;\"><em>2) Cliquez sur &#8220;En profiter&#8221;<\/em><\/span><br \/>\n<span style=\"font-size: 16px;\"><em>3) Compl\u00e9tez vos informations (si vous n&#8217;avez pas de RPPS, indiquez &#8220;en attente&#8221;)<\/em><\/span><br \/>\n<span style=\"font-size: 16px;\"><em>4) Et c&#8217;est bon! Vous avez maintenant acc\u00e8s \u00e0 tout Ordotype.<\/em><em>\u00a0<\/em><\/span><\/p>\n<p><span style=\"color: #c80d25; font-size: 20px;\"><a style=\"color: #ff0000;\" href=\"https:\/\/www.aimg-mp.com\/wp-content\/uploads\/2026\/03\/Flyer-Credit-Agricole-Toulouse-31-pour-site-AIMG-MP.pdf\"><span style=\"text-decoration: underline;\"><strong>Cr\u00e9dit Agricole :<\/strong><\/span><\/a><\/span><\/p>\n<p><img loading=\"lazy\" decoding=\"async\" class=\"aligncenter\" src=\"https:\/\/www.aimg-mp.com\/wp-content\/uploads\/2025\/04\/CA_credit_agricole_01_color_RVB.png\" width=\"439\" height=\"261\" \/><\/p>\n<p>Le cr\u00e9dit agricole est une banque qui propose de nombreux services, allant d&#8217;ouverture de comptes courants, jusqu&#8217;au pr\u00eat, en passant par des assurances-vie, PEA, conseils sur des produits financiers.<br \/>\nComme nous l&#8217;a expliqu\u00e9 le Pr Oustric, bien travailler est une chose, mais il faut aussi savoir g\u00e9rer son patrimoine.<\/p>\n<p><span style=\"font-size: 16px;\"><em>Pour plus d&#8217;informations, lisez la <a href=\"https:\/\/www.aimg-mp.com\/wp-content\/uploads\/2026\/03\/Flyer-Credit-Agricole-Toulouse-31-pour-site-AIMG-MP.pdf\">fiche du cr\u00e9dit agricole<\/a> ou rendez-vous sur le site <a href=\"https:\/\/www.credit-agricole.fr\/\">credit-agricole.fr<\/a><\/em><\/span><\/p>\n<p><span style=\"color: #c80d25; font-size: 20px;\"><a style=\"color: #ff0000;\" href=\"https:\/\/www.laregion.fr\/-Les-centres-de-sante-de-Ma-Region-\"><span style=\"text-decoration: underline;\"><strong>GIP, Ma r\u00e9gion, Ma sant\u00e9 :<\/strong><\/span><\/a><\/span><\/p>\n<p><img loading=\"lazy\" decoding=\"async\" class=\"aligncenter\" src=\"https:\/\/www.aimg-mp.com\/wp-content\/uploads\/2025\/04\/occitanie.png\" width=\"405\" height=\"270\" \/><\/p>\n<p>La r\u00e9gion Occitanie propose des offres de salariat, avec :<br \/>\n\u25cf 21 centres de sant\u00e9 de Ma R\u00e9gion ouverts aux publics (sur 10 d\u00e9partements)<br \/>\n\u25cf 72 professionnels de sant\u00e9 embauch\u00e9s dont :<br \/>\n&#8211; 66 m\u00e9decins g\u00e9n\u00e9ralistes<br \/>\n&#8211; 6 sages-femmes<br \/>\n&#8211; 14 contrats de vacation en cours (remplacements essentiellement)<br \/>\n&#8211; 39 secr\u00e9taires m\u00e9dicales<br \/>\n&#8211; 1 assistante m\u00e9dicale<\/p>\n","protected":false},"excerpt":{"rendered":"<p>MACSF : La RCP-PJ est offerte aux internes de M\u00e9decine g\u00e9n\u00e9rale en poste. (20\u20ac\/an d\u00e8s la r\u00e9alisation de remplacement) &#8211; La garantie Protection juridique incluse dans le contrat concerne la vie professionnelle et la vie priv\u00e9e. &#8211; Le maintien du &hellip; <a href=\"https:\/\/www.aimg-mp.com\/index.php\/partenariats-aimg-mp\/\">Continuer la lecture <span class=\"meta-nav\">&rarr;<\/span><\/a><\/p>\n","protected":false},"author":413,"featured_media":0,"parent":0,"menu_order":0,"comment_status":"closed","ping_status":"closed","template":"","meta":{"footnotes":""},"class_list":["post-16739","page","type-page","status-publish","hentry"],"_links":{"self":[{"href":"https:\/\/www.aimg-mp.com\/index.php\/wp-json\/wp\/v2\/pages\/16739","targetHints":{"allow":["GET"]}}],"collection":[{"href":"https:\/\/www.aimg-mp.com\/index.php\/wp-json\/wp\/v2\/pages"}],"about":[{"href":"https:\/\/www.aimg-mp.com\/index.php\/wp-json\/wp\/v2\/types\/page"}],"author":[{"embeddable":true,"href":"https:\/\/www.aimg-mp.com\/index.php\/wp-json\/wp\/v2\/users\/413"}],"replies":[{"embeddable":true,"href":"https:\/\/www.aimg-mp.com\/index.php\/wp-json\/wp\/v2\/comments?post=16739"}],"version-history":[{"count":7,"href":"https:\/\/www.aimg-mp.com\/index.php\/wp-json\/wp\/v2\/pages\/16739\/revisions"}],"predecessor-version":[{"id":24898,"href":"https:\/\/www.aimg-mp.com\/index.php\/wp-json\/wp\/v2\/pages\/16739\/revisions\/24898"}],"wp:attachment":[{"href":"https:\/\/www.aimg-mp.com\/index.php\/wp-json\/wp\/v2\/media?parent=16739"}],"curies":[{"name":"wp","href":"https:\/\/api.w.org\/{rel}","templated":true}]}}