{"id":16709,"date":"2022-01-19T09:51:51","date_gmt":"2022-01-19T08:51:51","guid":{"rendered":"https:\/\/www.aimg-mp.com\/?page_id=16709"},"modified":"2022-02-15T17:53:39","modified_gmt":"2022-02-15T16:53:39","slug":"pedagogie","status":"publish","type":"page","link":"https:\/\/www.aimg-mp.com\/index.php\/pedagogie\/","title":{"rendered":"PEDAGOGIE"},"content":{"rendered":"<p>De la part de la Team P\u00e9dagogie :<\/p>\n<table style=\"width: 100%; border-collapse: collapse; border-style: solid; border-color: #c80d25; background-color: #fcf0f0;\">\n<tbody>\n<tr>\n<td style=\"width: 100%; text-align: center;\"><a href=\"https:\/\/www.aimg-mp.com\/index.php\/ressources-sites-internet\/\"><span style=\"color: #c80d25;\"><strong><span style=\"font-size: 20px;\">Ressources &#8211; Sites internet<\/span><\/strong><\/span><\/a><\/td>\n<\/tr>\n<\/tbody>\n<\/table>\n<table style=\"width: 100%; border-collapse: collapse; border-style: solid; border-color: #c80d25; background-color: #fcf0f0;\">\n<tbody>\n<tr>\n<td style=\"width: 100%; text-align: center;\"><a href=\"https:\/\/www.aimg-mp.com\/index.php\/pedagogie-hiver-2021-2022\/\"><span style=\"color: #c80d25;\"><strong><span style=\"font-size: 20px;\">Planning T1-T2-T3<\/span><\/strong><\/span><\/a><\/td>\n<\/tr>\n<\/tbody>\n<\/table>\n<table style=\"width: 100%; border-collapse: collapse; border-style: solid; border-color: #c80d25; background-color: #fcf0f0;\">\n<tbody>\n<tr>\n<td style=\"width: 100%; text-align: center;\"><a href=\"https:\/\/www.aimg-mp.com\/index.php\/rsca-scre-gtt-gep\/\"><span style=\"color: #c80d25;\"><strong><span style=\"font-size: 20px;\">RSCA-SCRE-GTT-GEP<\/span><\/strong><\/span><\/a><\/td>\n<\/tr>\n<\/tbody>\n<\/table>\n<table style=\"width: 100%; border-collapse: collapse; border-style: solid; border-color: #c80d25; background-color: #fcf0f0;\">\n<tbody>\n<tr>\n<td style=\"width: 100%; text-align: center;\"><a href=\"https:\/\/www.aimg-mp.com\/index.php\/these\"><span style=\"color: #c80d25;\"><strong><span style=\"font-size: 20px;\">Th\u00e8se<\/span><\/strong><\/span><\/a><\/td>\n<\/tr>\n<\/tbody>\n<\/table>\n<p>&nbsp;<\/p>\n<p>Une suggestion, un avis ? N&#8217;h\u00e9site pas \u00e0 en faire part \u00e0 la Team P\u00e9dagogie en remplissant le sondage suivant <a href=\"https:\/\/docs.google.com\/forms\/d\/e\/1FAIpQLScO4HWKU7eHyHHbgYhcaq3SOnpux6ZEJ11zo3GZ2QJOSksHbg\/viewform\">ici<\/a> !<\/p>\n","protected":false},"excerpt":{"rendered":"<p>De la part de la Team P\u00e9dagogie : Ressources &#8211; Sites internet Planning T1-T2-T3 RSCA-SCRE-GTT-GEP Th\u00e8se &nbsp; Une suggestion, un avis ? N&#8217;h\u00e9site pas \u00e0 en faire part \u00e0 la Team P\u00e9dagogie en remplissant le sondage suivant ici !<\/p>\n","protected":false},"author":935,"featured_media":0,"parent":0,"menu_order":0,"comment_status":"closed","ping_status":"closed","template":"","meta":{"footnotes":""},"class_list":["post-16709","page","type-page","status-publish","hentry"],"_links":{"self":[{"href":"https:\/\/www.aimg-mp.com\/index.php\/wp-json\/wp\/v2\/pages\/16709","targetHints":{"allow":["GET"]}}],"collection":[{"href":"https:\/\/www.aimg-mp.com\/index.php\/wp-json\/wp\/v2\/pages"}],"about":[{"href":"https:\/\/www.aimg-mp.com\/index.php\/wp-json\/wp\/v2\/types\/page"}],"author":[{"embeddable":true,"href":"https:\/\/www.aimg-mp.com\/index.php\/wp-json\/wp\/v2\/users\/935"}],"replies":[{"embeddable":true,"href":"https:\/\/www.aimg-mp.com\/index.php\/wp-json\/wp\/v2\/comments?post=16709"}],"version-history":[{"count":0,"href":"https:\/\/www.aimg-mp.com\/index.php\/wp-json\/wp\/v2\/pages\/16709\/revisions"}],"wp:attachment":[{"href":"https:\/\/www.aimg-mp.com\/index.php\/wp-json\/wp\/v2\/media?parent=16709"}],"curies":[{"name":"wp","href":"https:\/\/api.w.org\/{rel}","templated":true}]}}