{"id":16385,"date":"2021-11-08T22:57:47","date_gmt":"2021-11-08T21:57:47","guid":{"rendered":"https:\/\/www.aimg-mp.com\/?page_id=16385"},"modified":"2025-06-16T21:37:00","modified_gmt":"2025-06-16T19:37:00","slug":"pedagogie-planning-cours","status":"publish","type":"page","link":"https:\/\/www.aimg-mp.com\/index.php\/pedagogie-planning-cours\/","title":{"rendered":"Planning T1-T2-T3"},"content":{"rendered":"<h1>P\u00e9dagogie 2024-2025<\/h1>\n<p>Vous trouverez ici les diff\u00e9rents liens vers les PDF avec les dates de cours en fonction de l&#8217;ann\u00e9e, du semestre et du stage<\/p>\n<p style=\"text-align: center;\"><strong>Liste des GPP Et\u00e9 2024-2025<\/strong><\/p>\n<table style=\"border-collapse: collapse; width: 100%; height: 325px;\">\n<tbody>\n<tr style=\"height: 24px;\">\n<td style=\"width: 50%; height: 24px;\">Ari\u00e8ge<\/td>\n<td style=\"width: 50%; height: 24px;\">GPP Ari\u00e8ge<\/td>\n<\/tr>\n<tr style=\"height: 24px;\">\n<td style=\"width: 50%; height: 24px;\">Ouest Audois<\/td>\n<td style=\"width: 50%; height: 24px;\">GPP Aude<\/td>\n<\/tr>\n<tr style=\"height: 24px;\">\n<td style=\"width: 50%; height: 24px;\">Aveyron<\/td>\n<td style=\"width: 50%; height: 24px;\">GPP Aveyron<\/td>\n<\/tr>\n<tr style=\"height: 113px;\">\n<td style=\"width: 50%; height: 13px; text-align: left; vertical-align: middle;\">Comminges St Gaudens<\/td>\n<td style=\"width: 50%; height: 13px; text-align: left; vertical-align: middle;\">GPP Comminges v2<\/td>\n<\/tr>\n<tr style=\"height: 24px;\">\n<td style=\"width: 50%; height: 24px;\">Lauragais<\/td>\n<td style=\"width: 50%; height: 24px;\">GPP Lauragais<\/td>\n<\/tr>\n<tr style=\"height: 24px;\">\n<td style=\"width: 50%; height: 24px;\">Toulouse Centre<\/td>\n<td style=\"width: 50%; height: 24px;\">GPP Toulouse Centre v2<\/td>\n<\/tr>\n<tr style=\"height: 24px;\">\n<td style=\"width: 50%; height: 24px;\">Toulouse Nord<\/td>\n<td style=\"width: 50%; height: 24px;\">GPP Toulouse Nord<\/td>\n<\/tr>\n<tr style=\"height: 24px;\">\n<td style=\"width: 50%; height: 24px;\">Toulouse Muretain<\/td>\n<td style=\"width: 50%; height: 24px;\">GPP Muretain<\/td>\n<\/tr>\n<tr style=\"height: 24px;\">\n<td style=\"width: 50%; height: 24px;\">Gers<\/td>\n<td style=\"width: 50%; height: 24px;\">GPP Gers<\/td>\n<\/tr>\n<tr style=\"height: 24px;\">\n<td style=\"width: 50%; height: 24px;\">Lot<\/td>\n<td style=\"width: 50%; height: 24px;\">GPP Lot<\/td>\n<\/tr>\n<tr style=\"height: 24px;\">\n<td style=\"width: 50%; height: 24px;\">Hautes-Pyr\u00e9n\u00e9es<\/td>\n<td style=\"width: 50%; height: 24px;\">GPP Hautes-Pyr\u00e9n\u00e9es<\/td>\n<\/tr>\n<tr style=\"height: 24px;\">\n<td style=\"width: 50%; height: 24px;\">Tarn<\/td>\n<td style=\"width: 50%; height: 24px;\">GPP Tarn<\/td>\n<\/tr>\n<tr style=\"height: 24px;\">\n<td style=\"width: 50%; height: 24px;\">Tarn et Garonne<\/td>\n<td style=\"width: 50%; height: 24px;\">GPP Tarn-et-Garonne<\/td>\n<\/tr>\n<\/tbody>\n<\/table>\n<p style=\"text-align: center;\"><span style=\"color: #c80d25;\"><strong>T1 &#8211; Semestre Et\u00e9<\/strong><\/span><\/p>\n<table style=\"height: 40px; width: 100%; border-collapse: collapse;\" border=\"2\">\n<tbody>\n<tr>\n<td style=\"width: 30.7813%; text-align: center; vertical-align: middle;\" rowspan=\"2\"><strong>PN1<\/strong><strong><br \/>\n<\/strong><\/td>\n<td style=\"width: 69.2187%;\">Groupe : Groupes PN1<\/td>\n<\/tr>\n<tr style=\"height: 24px;\">\n<td style=\"width: 69.2187%; height: 10px;\">Date des cours : Planning T1 v1<\/td>\n<\/tr>\n<tr>\n<td style=\"width: 30.7813%; text-align: center; vertical-align: middle;\" rowspan=\"2\"><strong>Urgences<\/strong><strong><br \/>\n<\/strong><\/td>\n<td style=\"width: 69.2187%;\">Groupe : Groupes Urgences<\/td>\n<\/tr>\n<tr style=\"height: 48px;\">\n<td style=\"width: 69.2187%; height: 10px;\">Date des cours : Planning T1 v1<\/td>\n<\/tr>\n<\/tbody>\n<\/table>\n<p style=\"text-align: center;\"><span style=\"color: #c80d25;\"><strong>T2 &#8211; Semestre Et\u00e9<\/strong><\/span><\/p>\n<table style=\"border-collapse: collapse; width: 100%;\">\n<tbody>\n<tr>\n<td style=\"width: 31.4062%; text-align: center; vertical-align: middle;\" rowspan=\"2\"><strong>Sant\u00e9 de la femme et de l&#8217;enfant<\/strong><\/td>\n<td style=\"width: 68.5938%;\">Groupe : Groupes SFE<\/td>\n<\/tr>\n<tr>\n<td style=\"width: 68.5938%;\">Date des cours : Planning T2 v1<\/td>\n<\/tr>\n<tr>\n<td style=\"width: 31.4062%; text-align: center; vertical-align: middle;\" rowspan=\"2\"><strong>M\u00e9decine Hospitali\u00e8re<\/strong><\/td>\n<td style=\"width: 68.5938%;\">Groupe : Groupes MedPo<\/td>\n<\/tr>\n<tr>\n<td style=\"width: 68.5938%;\">Date des cours : Planning T2 v1<\/td>\n<\/tr>\n<\/tbody>\n<\/table>\n<p style=\"text-align: center;\"><span style=\"color: #c80d25;\"><strong>T3 &#8211; Semestre Et\u00e9<\/strong><\/span><\/p>\n<table style=\"border-collapse: collapse; width: 100%; height: 82px;\">\n<tbody>\n<tr style=\"height: 24px;\">\n<td style=\"width: 31.7188%; text-align: center; vertical-align: middle; height: 48px;\" rowspan=\"2\"><strong>Liste des groupes<\/strong><strong><br \/>\n<\/strong><\/td>\n<td style=\"width: 68.2812%; height: 24px;\">Demi promo 1 : Groupes SASPAS1<\/td>\n<\/tr>\n<tr style=\"height: 24px;\">\n<td style=\"width: 68.2812%; height: 24px;\">Demi promo 2 : Groupes SASPAS 2<\/td>\n<\/tr>\n<tr style=\"height: 28px;\">\n<td style=\"width: 31.7188%; height: 34px; text-align: center; vertical-align: middle;\" rowspan=\"2\"><strong>Date des cours<\/strong><strong><br \/>\n<\/strong><\/td>\n<td style=\"width: 68.2812%; height: 10px;\">Date des cours demi promo 1 : Planning T3 v1<\/td>\n<\/tr>\n<tr style=\"height: 24px;\">\n<td style=\"width: 68.2812%; height: 24px;\">Date des cours demi promo 2 : Planning T3 v1<\/td>\n<\/tr>\n<\/tbody>\n<\/table>\n","protected":false},"excerpt":{"rendered":"<p>P\u00e9dagogie 2024-2025 Vous trouverez ici les diff\u00e9rents liens vers les PDF avec les dates de cours en fonction de l&#8217;ann\u00e9e, du semestre et du stage Liste des GPP Et\u00e9 2024-2025 Ari\u00e8ge GPP Ari\u00e8ge Ouest Audois GPP Aude Aveyron GPP Aveyron &hellip; <a href=\"https:\/\/www.aimg-mp.com\/index.php\/pedagogie-planning-cours\/\">Continuer la lecture <span class=\"meta-nav\">&rarr;<\/span><\/a><\/p>\n","protected":false},"author":413,"featured_media":0,"parent":0,"menu_order":0,"comment_status":"closed","ping_status":"closed","template":"","meta":{"footnotes":""},"class_list":["post-16385","page","type-page","status-publish","hentry"],"_links":{"self":[{"href":"https:\/\/www.aimg-mp.com\/index.php\/wp-json\/wp\/v2\/pages\/16385","targetHints":{"allow":["GET"]}}],"collection":[{"href":"https:\/\/www.aimg-mp.com\/index.php\/wp-json\/wp\/v2\/pages"}],"about":[{"href":"https:\/\/www.aimg-mp.com\/index.php\/wp-json\/wp\/v2\/types\/page"}],"author":[{"embeddable":true,"href":"https:\/\/www.aimg-mp.com\/index.php\/wp-json\/wp\/v2\/users\/413"}],"replies":[{"embeddable":true,"href":"https:\/\/www.aimg-mp.com\/index.php\/wp-json\/wp\/v2\/comments?post=16385"}],"version-history":[{"count":1,"href":"https:\/\/www.aimg-mp.com\/index.php\/wp-json\/wp\/v2\/pages\/16385\/revisions"}],"predecessor-version":[{"id":23795,"href":"https:\/\/www.aimg-mp.com\/index.php\/wp-json\/wp\/v2\/pages\/16385\/revisions\/23795"}],"wp:attachment":[{"href":"https:\/\/www.aimg-mp.com\/index.php\/wp-json\/wp\/v2\/media?parent=16385"}],"curies":[{"name":"wp","href":"https:\/\/api.w.org\/{rel}","templated":true}]}}