{"id":162,"date":"2018-04-11T14:14:48","date_gmt":"2018-04-11T12:14:48","guid":{"rendered":"http:\/\/aimgmpcomm.cluster026.hosting.ovh.net\/?page_id=162"},"modified":"2019-08-28T15:29:36","modified_gmt":"2019-08-28T13:29:36","slug":"sport-nature","status":"publish","type":"page","link":"https:\/\/www.aimg-mp.com\/index.php\/sport-nature\/","title":{"rendered":"Sport &#038; Nature"},"content":{"rendered":"<p style=\"text-align: center;\">Pour les amoureux du cuir oval !\u00a0<\/p>\n<p>L\u2019internat de m\u00e9decine g\u00e9n\u00e9rale de Toulouse vous propose de rejoindre le TRIC, notre \u00e9quipe de rugby engag\u00e9e en championnat corpo \u00e0 Toulouse qui r\u00e9unit internes de notre sp\u00e9cialit\u00e9 avec des internes des autres sp\u00e9 et m\u00eame quelques seniors ! Le tout dans une ambiance digne des meilleurs clubs que tu as connu !!! Alors viens te d\u00e9tendre les cannes avec nous au stade Barran tous les jeudi soir \u00e0 c\u00f4t\u00e9 de Rangueil<\/p>\n<p>Si tu es int\u00e9ress\u00e9, tu peux contacter Tanguy Garcia (06 89 76 74 64)<\/p>\n\n\n<figure class=\"wp-block-image\"><img loading=\"lazy\" decoding=\"async\" width=\"1024\" height=\"768\" src=\"https:\/\/www.aimg-mp.com\/wp-content\/uploads\/2019\/08\/555d827b-766b-4df1-8056-f00251362a69_image-1024x768.png\" alt=\"\" class=\"wp-image-5191\" srcset=\"https:\/\/www.aimg-mp.com\/wp-content\/uploads\/2019\/08\/555d827b-766b-4df1-8056-f00251362a69_image.png 1024w, https:\/\/www.aimg-mp.com\/wp-content\/uploads\/2019\/08\/555d827b-766b-4df1-8056-f00251362a69_image-300x225.png 300w, https:\/\/www.aimg-mp.com\/wp-content\/uploads\/2019\/08\/555d827b-766b-4df1-8056-f00251362a69_image-768x576.png 768w\" sizes=\"auto, (max-width: 1024px) 100vw, 1024px\" \/><\/figure>\n","protected":false},"excerpt":{"rendered":"<p>Pour les amoureux du cuir oval !\u00a0 L\u2019internat de m\u00e9decine g\u00e9n\u00e9rale de Toulouse vous propose de rejoindre le TRIC, notre \u00e9quipe de rugby engag\u00e9e en championnat corpo \u00e0 Toulouse qui r\u00e9unit internes de notre sp\u00e9cialit\u00e9 avec des internes des autres &hellip; <a href=\"https:\/\/www.aimg-mp.com\/index.php\/sport-nature\/\">Continuer la lecture <span class=\"meta-nav\">&rarr;<\/span><\/a><\/p>\n","protected":false},"author":413,"featured_media":0,"parent":0,"menu_order":0,"comment_status":"closed","ping_status":"closed","template":"","meta":{"footnotes":""},"class_list":["post-162","page","type-page","status-publish","hentry"],"_links":{"self":[{"href":"https:\/\/www.aimg-mp.com\/index.php\/wp-json\/wp\/v2\/pages\/162","targetHints":{"allow":["GET"]}}],"collection":[{"href":"https:\/\/www.aimg-mp.com\/index.php\/wp-json\/wp\/v2\/pages"}],"about":[{"href":"https:\/\/www.aimg-mp.com\/index.php\/wp-json\/wp\/v2\/types\/page"}],"author":[{"embeddable":true,"href":"https:\/\/www.aimg-mp.com\/index.php\/wp-json\/wp\/v2\/users\/413"}],"replies":[{"embeddable":true,"href":"https:\/\/www.aimg-mp.com\/index.php\/wp-json\/wp\/v2\/comments?post=162"}],"version-history":[{"count":0,"href":"https:\/\/www.aimg-mp.com\/index.php\/wp-json\/wp\/v2\/pages\/162\/revisions"}],"wp:attachment":[{"href":"https:\/\/www.aimg-mp.com\/index.php\/wp-json\/wp\/v2\/media?parent=162"}],"curies":[{"name":"wp","href":"https:\/\/api.w.org\/{rel}","templated":true}]}}