{"id":15453,"date":"2021-08-29T15:44:55","date_gmt":"2021-08-29T13:44:55","guid":{"rendered":"https:\/\/www.aimg-mp.com\/?page_id=15453"},"modified":"2023-03-14T08:01:32","modified_gmt":"2023-03-14T07:01:32","slug":"grossesse","status":"publish","type":"page","link":"https:\/\/www.aimg-mp.com\/index.php\/cas-particuliers\/grossesse\/","title":{"rendered":"Grossesse"},"content":{"rendered":"<div><\/div>\n<p style=\"text-align: justify;\">Modernisation de l\u2019exercice, f\u00e9minisation de la profession, conciliation de la vie priv\u00e9e et de la vie professionnelle\u2026 Tordons le cou \u00e0 ces bien grands mots lourds de pr\u00e9jug\u00e9s et faisons le point sur la r\u00e9glementation en vigueur en mati\u00e8re de grossesse au cours de nos \u00e9tudes ! Car oui, la l\u00e9gislation garantit des mesures de protection et d\u2019adaptation pour accompagner les mamans durant leur internat.<\/p>\n<p style=\"text-align: justify;\">Les internes qui sont en situation de grossesse peuvent depuis peu effectuer un stage en surnombre, qui pourra \u00eatre validant ou non. Voici les \u00e9tapes de la mise en place :<\/p>\n<p style=\"text-align: justify;\"><span style=\"color: #c80d25;\"><strong><i>1. Les B-hCG sont positives !<\/i><\/strong><\/span><\/p>\n<p style=\"text-align: justify;\">Une fois l\u2019euphorie pass\u00e9e, la premi\u00e8re \u00e9tape est de r\u00e9fl\u00e9chir \u00e0 la date de conception pour savoir la date du terme pr\u00e9sum\u00e9 et donc des dates du futur cong\u00e9 maternit\u00e9. C\u2019est elles qui d\u00e9finissent tout par la suite. Si la date de conception est un peu floue, l\u2019\u00e9chographie de datation peut \u00eatre d\u2019une grande aide pour avoir une id\u00e9e.<\/p>\n<p style=\"text-align: justify;\"><span style=\"color: #c80d25;\"><strong><i>2. Une fois les dates de cong\u00e9s maternit\u00e9 pr\u00e9sum\u00e9es en t\u00eate, se pose la question du<\/i> <i>Surnombre : validant ou non validant ?<\/i><\/strong><\/span><\/p>\n<p style=\"text-align: justify;\"><b>\u2192 Le stage en surnombre sera validant si tu n&#8217;interromps pas ton stage plus de <span style=\"color: #c80d25;\">deux mois<\/span> <\/b>(les cong\u00e9s annuels, de formation universitaire et cong\u00e9s exceptionnels sont \u00e0 comptabiliser dans le temps effectif de stage validant). Dans ce cas, tu prends part \u00e0 la proc\u00e9dure des choix de stages et le choix se fait en fonction du rang de classement. (Concr\u00e8tement tout se passe comme si tu n\u2019\u00e9tais pas enceinte lors des choix\u2026)<\/p>\n<p style=\"text-align: justify;\">MAIS ! si jamais pour une raison X ou Y tu ne pouvais finalement pas r\u00e9aliser 4 mois de stage (si tu as besoin d\u2019un arr\u00eat de travail anticipant ton cong\u00e9 de maternit\u00e9 notamment) ton stage deviendrait tout simplement non validant (tu es prot\u00e9g\u00e9e par le surnombre, tu ne peux pas \u00eatre \u201cd\u00e9class\u00e9e\u201d en fin de promo m\u00eame si tu n\u2019as pas valid\u00e9 ton stage).<\/p>\n<p style=\"text-align: justify;\">A savoir \u00e9galement qu\u2019un poste peut \u00eatre ajout\u00e9 dans le service choisi par l\u2019interne en surnombre (si stage hospitalier). Ainsi ton d\u00e9part en cong\u00e9 maternit\u00e9 ou tes absences pour consultation de suivi, \u00e9chographie,&#8230; n&#8217;impactent pas sur le service) Attention, ceci n\u2019est pas automatique, il faut en discuter au pr\u00e9alable avec le DUMG et l\u2019ARS.<\/p>\n<p style=\"text-align: justify;\"><b>\u2192 Le stage en surnombre sera non validant si tu ne peux pas effectuer quatre mois effectifs de stage<\/b> (ou que tu n\u2019as pas pu). Dans ce cas, tu ne prends pas part \u00e0 la proc\u00e9dure des choix de stages et tu choisis librement un terrain de stage HOSPITALIER dans une liste \u00e0 part des terrains de stage propos\u00e9s aux choix. Le mieux dans ce cas est de se rapprocher de Madame Ferrand de l\u2019administration de la facult\u00e9 qui s\u2019occupe des stages : <a href=\"mailto:pascale.ferrand@univ-tlse3.fr\">pascale.ferrand@univ-tlse3.fr<\/a><\/p>\n<p style=\"text-align: justify;\"><span style=\"color: #c80d25;\"><strong><i>3. Quelles sont les d\u00e9marches administratives ? <\/i><\/strong><\/span><\/p>\n<p style=\"text-align: justify;\"><span style=\"color: #ffffff; font-size: 12px;\">Dans tous les cas (validant ou non) la demande administrative de surnombre se fait <a style=\"color: #ffffff;\" href=\"http:\/\/www.occitanie.paps.sante.fr\/fileadmin\/LRMP\/PAPS\/FORME\/INTERNAT_TOULOUSE\/Questionnaire.doc\">via ce document<\/a><\/span><\/p>\n<p style=\"text-align: justify;\">Il faut vous mettre en relation avec les affaires m\u00e9dicales du CHU (<a href=\"mailto:dam.interne.etudiant@chu-toulouse.fr\">dam.interne.etudiant@chu-toulouse.fr<\/a>). Un formulaire sera \u00e0 remplir accompagn\u00e9 d\u2019un certificat attestant la grossesse (ce n\u2019est pas forc\u00e9ment le Cerfa de d\u00e9claration de grossesse souvent effectu\u00e9 au 3eme mois et envoy\u00e9 \u00e0 la Caf et la SECU, un simple certificat m\u00e9dical accompagn\u00e9 d\u2019un dosage des b-hCG par exemple ou d\u2019une \u00e9chographie suffit)<\/p>\n<p style=\"text-align: justify;\">Ils s&#8217;occuperont ensuite de transmettre les informations \u00e0\/au :<\/p>\n<ul style=\"text-align: justify;\">\n<li>l\u2019ARS Madame Fernandez<\/li>\n<li>la facult\u00e9 Madame Ferrand<\/li>\n<li>DUMG<\/li>\n<\/ul>\n<p style=\"text-align: justify;\">Si tu as le moindre soucis\/questionnement, n\u2019h\u00e9site pas \u00e0 joindre les Secr\u00e9taires G\u00e9n\u00e9raux de l\u2019AIMG-MP et le (la) Pr\u00e9sident(e), nous somme l\u00e0 pour vous aider dans vos d\u00e9marches et vous soutenir !<\/p>\n<p style=\"text-align: justify;\"><strong><span style=\"color: #c80d25;\"><i>4. Enfin, une fois que la grossesse s\u2019est d\u00e9roul\u00e9e \u00e0 merveille et que le petit bout de choux a point\u00e9 le bout de son nez, comment se passe la reprise ?<\/i><\/span><\/strong><\/p>\n<p style=\"text-align: justify;\">Apr\u00e8s la r\u00e9alisation d\u2019un stage en surnombre validant ou non-validant, ton classement pour les choix de stages suivant se calcule en fonction du nombre total de semestres r\u00e9ellement valid\u00e9s auxquels s\u2019ajoutent les semestres non valid\u00e9s lorsque le motif de non validation est li\u00e9 \u00e0 la grossesse ou au cong\u00e9 de maternit\u00e9. Tu ne perds donc pas ton rang de classement.<\/p>\n<p style=\"text-align: justify;\">Si tu as r\u00e9alis\u00e9 en stage non validant, tu termineras ton DES 6 mois apr\u00e8s la date initialement pr\u00e9vue, tu seras \u201cen d\u00e9cal\u00e9\u201d par rapport \u00e0 ta promotion. Dans ce cas si tu choisis en m\u00eame temps que le reste de ta promo initiale, tu restes \u00e0 ton rang de classement, si tu choisis avec la promo suivante, tu es en t\u00eate de classement puisque tu b\u00e9n\u00e9ficies de l\u2019anciennet\u00e9.<\/p>\n<p style=\"text-align: justify;\"><strong><span style=\"color: #c80d25;\"><i>5. Bon \u00e0 savoir !<\/i><\/span><\/strong><\/p>\n<p style=\"text-align: justify;\">Les internes enceintes sont dispens\u00e9es de la r\u00e9alisation de gardes \u00e0 partir du 3\u00e8me mois de grossesse.<\/p>\n<p style=\"text-align: justify;\">Si tu veux en savoir plus sur la grossesse et les cong\u00e9s maternit\u00e9 durant l\u2019internat, tu peux te rendre sur <a href=\"https:\/\/www.isnar-img.com\/protection-sociale\/grossesse\/\">le site de l\u2019ISNAR IMG<\/a>.<\/p>\n","protected":false},"excerpt":{"rendered":"<p>Modernisation de l\u2019exercice, f\u00e9minisation de la profession, conciliation de la vie priv\u00e9e et de la vie professionnelle\u2026 Tordons le cou \u00e0 ces bien grands mots lourds de pr\u00e9jug\u00e9s et faisons le point sur la r\u00e9glementation en vigueur en mati\u00e8re de &hellip; <a href=\"https:\/\/www.aimg-mp.com\/index.php\/cas-particuliers\/grossesse\/\">Continuer la lecture <span class=\"meta-nav\">&rarr;<\/span><\/a><\/p>\n","protected":false},"author":413,"featured_media":0,"parent":173,"menu_order":0,"comment_status":"closed","ping_status":"closed","template":"","meta":{"footnotes":""},"class_list":["post-15453","page","type-page","status-publish","hentry"],"_links":{"self":[{"href":"https:\/\/www.aimg-mp.com\/index.php\/wp-json\/wp\/v2\/pages\/15453","targetHints":{"allow":["GET"]}}],"collection":[{"href":"https:\/\/www.aimg-mp.com\/index.php\/wp-json\/wp\/v2\/pages"}],"about":[{"href":"https:\/\/www.aimg-mp.com\/index.php\/wp-json\/wp\/v2\/types\/page"}],"author":[{"embeddable":true,"href":"https:\/\/www.aimg-mp.com\/index.php\/wp-json\/wp\/v2\/users\/413"}],"replies":[{"embeddable":true,"href":"https:\/\/www.aimg-mp.com\/index.php\/wp-json\/wp\/v2\/comments?post=15453"}],"version-history":[{"count":0,"href":"https:\/\/www.aimg-mp.com\/index.php\/wp-json\/wp\/v2\/pages\/15453\/revisions"}],"up":[{"embeddable":true,"href":"https:\/\/www.aimg-mp.com\/index.php\/wp-json\/wp\/v2\/pages\/173"}],"wp:attachment":[{"href":"https:\/\/www.aimg-mp.com\/index.php\/wp-json\/wp\/v2\/media?parent=15453"}],"curies":[{"name":"wp","href":"https:\/\/api.w.org\/{rel}","templated":true}]}}