{"id":15071,"date":"2021-04-27T12:55:03","date_gmt":"2021-04-27T10:55:03","guid":{"rendered":"https:\/\/www.aimg-mp.com\/?page_id=15071"},"modified":"2025-11-28T13:50:42","modified_gmt":"2025-11-28T12:50:42","slug":"accueil","status":"publish","type":"page","link":"https:\/\/www.aimg-mp.com\/","title":{"rendered":"&nbsp;&nbsp;Accueil"},"content":{"rendered":"<h1 style=\"text-align: center;\"><span style=\"font-size: 16px; font-family: arial, helvetica, sans-serif;\"><strong><span style=\"color: #c80d00;\">PENSEZ A VOUS CONNECTER !<\/span><\/strong><\/span><\/h1>\n<p style=\"text-align: center;\"><span style=\"font-size: 16px; font-family: arial, helvetica, sans-serif;\"><a href=\"https:\/\/www.aimg-mp.com\/wp-login.php\">Connexion<\/a><\/span><\/p>\n<p style=\"text-align: center;\"><span style=\"font-size: 16px; font-family: arial, helvetica, sans-serif;\"><strong><span style=\"color: #c80d00;\">Je suis dans quel groupe et quand est-ce que j&#8217;ai cours ?<\/span><\/strong><\/span><br \/>\n<span style=\"font-family: arial, helvetica, sans-serif;\">La r\u00e9ponse ici : <a href=\"https:\/\/www.aimg-mp.com\/index.php\/pedagogie-planning-cours\/\">https:\/\/www.aimg-mp.com\/index.php\/pedagogie-planning-cours\/<\/a> !<\/span><\/p>\n<p style=\"text-align: center;\"><span style=\"font-family: arial, helvetica, sans-serif;\"><span style=\"font-size: 16px;\"><strong><span style=\"color: #c80d00;\">Revoir les derni\u00e8res soir\u00e9es de formation ?<br \/>\n<\/span><\/strong><\/span>La r\u00e9ponse ici : <a href=\"https:\/\/www.aimg-mp.com\/index.php\/soirees-de-formations\/\">https:\/\/www.aimg-mp.com\/index.php\/soirees-de-formations\/<\/a><\/span><\/p>\n<p style=\"text-align: center;\"><span style=\"font-family: arial, helvetica, sans-serif;\"><span style=\"font-size: 16px;\"><strong><span style=\"color: #c80d00;\">O\u00f9 trouver un document administratif ?<br \/>\n<\/span><\/strong><\/span>La r\u00e9ponse ici : <a href=\"https:\/\/www.aimg-mp.com\/index.php\/documents-administratifs\/\">https:\/\/www.aimg-mp.com\/index.php\/documents-administratifs\/<\/a><\/span><\/p>\n<p>&nbsp;<\/p>\n<p>&nbsp;<\/p>\n<p>&nbsp;<\/p>\n<p style=\"text-align: center;\"><span style=\"font-family: arial, helvetica, sans-serif;\"><span style=\"color: #c80d00;\"><strong><span style=\"color: #c80d00; font-size: 14px;\">FUTUR INTERNE<\/span><br \/>\n<\/strong><\/span><em>N&#8217;attend pas pour venir visiter Toulouse et viens nous rejoindre \u00e0 l&#8217;internat de m\u00e9decine g\u00e9n\u00e9rale \ud83d\ude42 ( PS click sur les images pour avoir le diapo en entier \ud83d\ude09 )<\/em><\/span><\/p>\n<p><span style=\"font-family: arial, helvetica, sans-serif;\"><div id=\"metaslider-id-15238\" style=\"width: 100%;\" class=\"ml-slider-3-108-0 metaslider metaslider-flex metaslider-15238 ml-slider has-dots-nav ml-slider-lightbox-2-23-0 lightbox-disabled ms-theme-bitono\" role=\"region\" aria-label=\"Futur interne\" data-height=\"550\" data-width=\"1000\">\n    <div id=\"metaslider_container_15238\">\n        <div id=\"metaslider_15238\">\n            <ul class='slides'>\n                <li style=\"display: block; width: 100%;\" class=\"slide-15248 ms-image \" aria-roledescription=\"slide\" data-date=\"2021-06-16 22:14:08\" data-filename=\"Futur-interne-P1-1000x550.png\" data-slide-type=\"image\"><a href=\"https:\/\/www.aimg-mp.com\/wp-content\/uploads\/2021\/06\/diapo-pour-D4-.pdf\" target=\"_blank\" aria-label=\"Voir les d\u00e9tails de la diapositive\" class=\"metaslider_image_link\"><img loading=\"lazy\" decoding=\"async\" src=\"https:\/\/www.aimg-mp.com\/wp-content\/uploads\/2021\/06\/Futur-interne-P1-1000x550.png\" height=\"550\" width=\"1000\" alt=\"\" class=\"slider-15238 slide-15248 msDefaultImage\" title=\"Futur interne P1\" \/><\/a><\/li>\n                <li style=\"display: none; width: 100%;\" class=\"slide-15249 ms-image \" aria-roledescription=\"slide\" data-date=\"2021-06-16 22:14:08\" data-filename=\"Futur-interne-P2--1000x550.png\" data-slide-type=\"image\"><a href=\"https:\/\/www.aimg-mp.com\/wp-content\/uploads\/2021\/06\/diapo-pour-D4-.pdf\" target=\"_blank\" aria-label=\"Voir les d\u00e9tails de la diapositive\" class=\"metaslider_image_link\"><img loading=\"lazy\" decoding=\"async\" src=\"https:\/\/www.aimg-mp.com\/wp-content\/uploads\/2021\/06\/Futur-interne-P2--1000x550.png\" height=\"550\" width=\"1000\" alt=\"\" class=\"slider-15238 slide-15249 msDefaultImage\" title=\"Futur interne P2\" \/><\/a><\/li>\n                <li style=\"display: none; width: 100%;\" class=\"slide-15250 ms-image \" aria-roledescription=\"slide\" data-date=\"2021-06-16 22:14:08\" data-filename=\"Futur-interne-P3--1000x550.png\" data-slide-type=\"image\"><a href=\"https:\/\/www.aimg-mp.com\/wp-content\/uploads\/2021\/06\/diapo-pour-D4-.pdf\" target=\"_blank\" aria-label=\"Voir les d\u00e9tails de la diapositive\" class=\"metaslider_image_link\"><img loading=\"lazy\" decoding=\"async\" src=\"https:\/\/www.aimg-mp.com\/wp-content\/uploads\/2021\/06\/Futur-interne-P3--1000x550.png\" height=\"550\" width=\"1000\" alt=\"\" class=\"slider-15238 slide-15250 msDefaultImage\" title=\"Futur interne P3\" \/><\/a><\/li>\n                <li style=\"display: none; width: 100%;\" class=\"slide-15247 ms-image \" aria-roledescription=\"slide\" data-date=\"2021-06-16 22:14:08\" data-filename=\"Futur-intenre-P4--1000x550.png\" data-slide-type=\"image\"><a href=\"https:\/\/www.aimg-mp.com\/wp-content\/uploads\/2021\/06\/diapo-pour-D4-.pdf\" target=\"_blank\" aria-label=\"Voir les d\u00e9tails de la diapositive\" class=\"metaslider_image_link\"><img loading=\"lazy\" decoding=\"async\" src=\"https:\/\/www.aimg-mp.com\/wp-content\/uploads\/2021\/06\/Futur-intenre-P4--1000x550.png\" height=\"550\" width=\"1000\" alt=\"\" class=\"slider-15238 slide-15247 msDefaultImage\" title=\"Futur interne P4\" \/><\/a><\/li>\n                <li style=\"display: none; width: 100%;\" class=\"slide-15251 ms-image \" aria-roledescription=\"slide\" data-date=\"2021-06-16 22:14:08\" data-filename=\"Futur-interne-P5--1000x550.png\" data-slide-type=\"image\"><a href=\"https:\/\/www.aimg-mp.com\/wp-content\/uploads\/2021\/06\/diapo-pour-D4-.pdf\" target=\"_blank\" aria-label=\"Voir les d\u00e9tails de la diapositive\" class=\"metaslider_image_link\"><img loading=\"lazy\" decoding=\"async\" src=\"https:\/\/www.aimg-mp.com\/wp-content\/uploads\/2021\/06\/Futur-interne-P5--1000x550.png\" height=\"550\" width=\"1000\" alt=\"\" class=\"slider-15238 slide-15251 msDefaultImage\" title=\"Futur interne P5\" \/><\/a><\/li>\n                <li style=\"display: none; width: 100%;\" class=\"slide-15252 ms-image \" aria-roledescription=\"slide\" data-date=\"2021-06-16 22:14:08\" data-filename=\"Futur-interne-P6-1000x550.png\" data-slide-type=\"image\"><a href=\"https:\/\/www.aimg-mp.com\/wp-content\/uploads\/2021\/06\/diapo-pour-D4-.pdf\" target=\"_blank\" aria-label=\"Voir les d\u00e9tails de la diapositive\" class=\"metaslider_image_link\"><img loading=\"lazy\" decoding=\"async\" src=\"https:\/\/www.aimg-mp.com\/wp-content\/uploads\/2021\/06\/Futur-interne-P6-1000x550.png\" height=\"550\" width=\"1000\" alt=\"\" class=\"slider-15238 slide-15252 msDefaultImage\" title=\"Futur interne P6\" \/><\/a><\/li>\n                <li style=\"display: none; width: 100%;\" class=\"slide-15253 ms-image \" aria-roledescription=\"slide\" data-date=\"2021-06-16 22:14:08\" data-filename=\"Futur-interne-P7-1000x550.png\" data-slide-type=\"image\"><a href=\"https:\/\/www.aimg-mp.com\/wp-content\/uploads\/2021\/06\/diapo-pour-D4-.pdf\" target=\"_blank\" aria-label=\"Voir les d\u00e9tails de la diapositive\" class=\"metaslider_image_link\"><img loading=\"lazy\" decoding=\"async\" src=\"https:\/\/www.aimg-mp.com\/wp-content\/uploads\/2021\/06\/Futur-interne-P7-1000x550.png\" height=\"550\" width=\"1000\" alt=\"\" class=\"slider-15238 slide-15253 msDefaultImage\" title=\"Futur interne P7\" \/><\/a><\/li>\n                <li style=\"display: none; width: 100%;\" class=\"slide-15254 ms-image \" aria-roledescription=\"slide\" data-date=\"2021-06-16 22:14:08\" data-filename=\"page-8--1000x550.png\" data-slide-type=\"image\"><a href=\"https:\/\/www.aimg-mp.com\/wp-content\/uploads\/2021\/06\/diapo-pour-D4-.pdf\" target=\"_blank\" aria-label=\"Voir les d\u00e9tails de la diapositive\" class=\"metaslider_image_link\"><img loading=\"lazy\" decoding=\"async\" src=\"https:\/\/www.aimg-mp.com\/wp-content\/uploads\/2021\/06\/page-8--1000x550.png\" height=\"550\" width=\"1000\" alt=\"\" class=\"slider-15238 slide-15254 msDefaultImage\" title=\"page 8\" \/><\/a><\/li>\n                <li style=\"display: none; width: 100%;\" class=\"slide-15260 ms-image \" aria-roledescription=\"slide\" data-date=\"2021-06-18 17:02:51\" data-filename=\"page-9-interne--1000x550.png\" data-slide-type=\"image\"><a href=\"https:\/\/www.aimg-mp.com\/wp-content\/uploads\/2021\/06\/diapo-pour-D4-.pdf\" target=\"_self\" aria-label=\"Voir les d\u00e9tails de la diapositive\" class=\"metaslider_image_link\"><img loading=\"lazy\" decoding=\"async\" src=\"https:\/\/www.aimg-mp.com\/wp-content\/uploads\/2021\/06\/page-9-interne--1000x550.png\" height=\"550\" width=\"1000\" alt=\"\" class=\"slider-15238 slide-15260 msDefaultImage\" title=\"page 9 interne\" \/><\/a><\/li>\n                <li style=\"display: none; width: 100%;\" class=\"slide-17999 ms-image \" aria-roledescription=\"slide\" data-date=\"2022-05-26 20:33:09\" data-filename=\"Newsletter-Mai-1-639x351.png\" data-slide-type=\"image\"><img loading=\"lazy\" decoding=\"async\" src=\"https:\/\/www.aimg-mp.com\/wp-content\/uploads\/2022\/05\/Newsletter-Mai-1-639x351.png\" height=\"550\" width=\"1000\" alt=\"\" class=\"slider-15238 slide-17999 msDefaultImage\" title=\"Newsletter Mai 1\" \/><\/li>\n                <li style=\"display: none; width: 100%;\" class=\"slide-18000 ms-image \" aria-roledescription=\"slide\" data-date=\"2022-05-26 20:33:09\" data-filename=\"Newsletter-Mai-2-638x350.png\" data-slide-type=\"image\"><img loading=\"lazy\" decoding=\"async\" src=\"https:\/\/www.aimg-mp.com\/wp-content\/uploads\/2022\/05\/Newsletter-Mai-2-638x350.png\" height=\"550\" width=\"1000\" alt=\"\" class=\"slider-15238 slide-18000 msDefaultImage\" title=\"Newsletter Mai 2\" \/><\/li>\n            <\/ul>\n        <\/div>\n        \n    <\/div>\n<\/div><\/span><\/p>\n<p style=\"text-align: center;\"><span style=\"color: #c80d00; font-size: 14px;\"><strong>Les annonces archiv\u00e9es: <\/strong><\/span><a href=\"https:\/\/www.aimg-mp.com\/index.php\/category\/annonces\/\">ici<\/a><br \/>\n<strong>NB:<\/strong> Pour information l&#8217;AIMG ne g\u00e8re plus les annonces d&#8217;emploi sur le site<\/p>\n<p>&nbsp;<\/p>\n","protected":false},"excerpt":{"rendered":"<p>PENSEZ A VOUS CONNECTER ! Connexion Je suis dans quel groupe et quand est-ce que j&#8217;ai cours ? La r\u00e9ponse ici : https:\/\/www.aimg-mp.com\/index.php\/pedagogie-planning-cours\/ ! Revoir les derni\u00e8res soir\u00e9es de formation ? La r\u00e9ponse ici : https:\/\/www.aimg-mp.com\/index.php\/soirees-de-formations\/ O\u00f9 trouver un document &hellip; <a href=\"https:\/\/www.aimg-mp.com\/\">Continuer la lecture <span class=\"meta-nav\">&rarr;<\/span><\/a><\/p>\n","protected":false},"author":413,"featured_media":0,"parent":0,"menu_order":0,"comment_status":"closed","ping_status":"closed","template":"","meta":{"footnotes":""},"class_list":["post-15071","page","type-page","status-publish","hentry"],"_links":{"self":[{"href":"https:\/\/www.aimg-mp.com\/index.php\/wp-json\/wp\/v2\/pages\/15071","targetHints":{"allow":["GET"]}}],"collection":[{"href":"https:\/\/www.aimg-mp.com\/index.php\/wp-json\/wp\/v2\/pages"}],"about":[{"href":"https:\/\/www.aimg-mp.com\/index.php\/wp-json\/wp\/v2\/types\/page"}],"author":[{"embeddable":true,"href":"https:\/\/www.aimg-mp.com\/index.php\/wp-json\/wp\/v2\/users\/413"}],"replies":[{"embeddable":true,"href":"https:\/\/www.aimg-mp.com\/index.php\/wp-json\/wp\/v2\/comments?post=15071"}],"version-history":[{"count":7,"href":"https:\/\/www.aimg-mp.com\/index.php\/wp-json\/wp\/v2\/pages\/15071\/revisions"}],"predecessor-version":[{"id":23801,"href":"https:\/\/www.aimg-mp.com\/index.php\/wp-json\/wp\/v2\/pages\/15071\/revisions\/23801"}],"wp:attachment":[{"href":"https:\/\/www.aimg-mp.com\/index.php\/wp-json\/wp\/v2\/media?parent=15071"}],"curies":[{"name":"wp","href":"https:\/\/api.w.org\/{rel}","templated":true}]}}