{"id":14047,"date":"2021-02-16T14:53:56","date_gmt":"2021-02-16T13:53:56","guid":{"rendered":"https:\/\/www.aimg-mp.com\/?page_id=14047"},"modified":"2021-11-24T19:04:52","modified_gmt":"2021-11-24T18:04:52","slug":"interne-en-difficulte","status":"publish","type":"page","link":"https:\/\/www.aimg-mp.com\/index.php\/interne-en-difficulte\/","title":{"rendered":"Interne en difficult\u00e9"},"content":{"rendered":"<div class=\"page\" title=\"Page 1\">\n<div class=\"section\">\n<div class=\"layoutArea\">\n<div class=\"column\">\n<p>Quelle que soient vos difficult\u00e9s, n\u2019h\u00e9sitez pas \u00e0 solliciter un interlocuteur. Des r\u00e9f\u00e9rents de l&#8217;association sont \u00e0 votre disposition pour \u00eatre \u00e0 votre \u00e9coute, discuter avec vous et remonter tout probl\u00e8me si n\u00e9c\u00e9ssaire au DUMG.<\/p>\n<p>N&#8217;h\u00e9sitez pas \u00e0 contacter :<\/p>\n<p><strong>Le site internet<\/strong> : <a href=\"https:\/\/www.etudiant.gouv.fr\/fr\/besoin-d-une-aide-psychologique-1297\">https:\/\/www.etudiant.gouv.fr\/fr\/besoin-d-une-aide-psychologique-1297<\/a><\/p>\n\n<div class=\"sp-wrap sp-wrap-default\">\n<div class=\"sp-head\" title=\"Expand\">\nScolarit\u00e9 \n<\/div>\n<div class=\"sp-body folded\">\n<\/p>\n<p style=\"text-align: left;\"><span style=\"font-size: 12pt;\"><b>Les gestionnaires de la scolarit\u00e9 :<\/b><\/span><\/p>\n<p style=\"text-align: center;\"><span style=\"font-size: 12pt;\"><a href=\"mailto:medecine.scolarite@univ-tlse3.fr\">medecine.scolarite@univ-tlse3.fr<\/a><br \/>\n05.62.88.90.03<\/span><\/p>\n<p>\n<div class=\"spdiv\">[collapse]<\/div>\n<\/div>\n<\/div>\n\n\n<div class=\"sp-wrap sp-wrap-default\">\n<div class=\"sp-head\" title=\"Expand\">\nNum\u00e9ro Vert personnel soignant\n<\/div>\n<div class=\"sp-body folded\">\n<\/p>\n<p><strong>Le num\u00e9ro vert<\/strong> pour les personnels de sant\u00e9 mobilis\u00e9s au chevet des patients ou par la prise en charge de personne vuln\u00e9rables dans le cadre de la crise Covid-19 : 0800 73 09 58 ( 7\/7 8h00 \u00e0 minuit)<\/p>\n<p>\n<div class=\"spdiv\">[collapse]<\/div>\n<\/div>\n<\/div>\n\n\n<div class=\"sp-wrap sp-wrap-default\">\n<div class=\"sp-head\" title=\"Expand\">\nHotline du Conseil National\n<\/div>\n<div class=\"sp-body folded\">\n<\/p>\n<p><strong>La hotline du Conseil national d\u2019appui \u00e0 la qualit\u00e9 de vie des \u00e9tudiants en sant\u00e9:<\/strong><\/p>\n<p style=\"text-align: center;\">CNAQVES : 0 800 724 900 de 8h \u00e0 18h du lundi au vendredi<br \/>\nou en dehors de ces horaires <a href=\"mailto:soutien@cna-sante.fr\">soutien@cna-sante.fr<\/a><\/p>\n<p style=\"text-align: center;\">Les enseignants r\u00e9f\u00e9rents CNA sur Toulouse :<br \/>\nPr Odile BEYNE-RAUZY beynerauzy.odile@iuct-oncopole.fr Pr Laurent ALRIC <a href=\"mailto:alric.l@chu-toulouse.fr\">alric.l@chu-toulouse.fr\u00a0<\/a><\/p>\n<p>\n<div class=\"spdiv\">[collapse]<\/div>\n<\/div>\n<\/div>\n\n\n<div class=\"sp-wrap sp-wrap-default\">\n<div class=\"sp-head\" title=\"Expand\">\nLa maison de la psychologie\n<\/div>\n<div class=\"sp-body folded\">\n<\/p>\n<p style=\"text-align: left;\"><strong>La maison de la psychologie :<\/strong><\/p>\n<p style=\"text-align: center;\">Organisme ind\u00e9pendant du CHU, pour les agents ne pouvant ou ne souhaitant pas faire appel aux acteurs internes.<br \/>\nLa prise de rendez-vous se fait directement aupr\u00e8s de la Maison de la psychologie.<br \/>\n<a href=\"http:\/\/maisondelapsychologie.org\">http:\/\/maisondelapsychologie.org<\/a><br \/>\nPlateforme d&#8217;orientation : 09 70 44 72 73<br \/>\nNum\u00e9ro d\u00e9di\u00e9 au CHU : 06 46 57 18 20<\/p>\n<p>\n<div class=\"spdiv\">[collapse]<\/div>\n<\/div>\n<\/div>\n\n\n<div class=\"sp-wrap sp-wrap-default\">\n<div class=\"sp-head\" title=\"Expand\">\n L association PRISM31\n<\/div>\n<div class=\"sp-body folded\">\n<\/p>\n<p style=\"text-align: left;\"><strong>L\u2019association PRISM31 :<\/strong><\/p>\n<p style=\"text-align: center;\">Elle propose des espaces de parole pour le public \u00e9tudiant, organis\u00e9s par l\u2019UT3 et permet de partager vos difficult\u00e9s entre pairs dans un climat serein et de confiance.<br \/>\nVous devez adresser un mail \u00e0 <a href=\"mailto:association.prism31@gmail.com\">association.prism31@gmail.com<\/a> en pr\u00e9cisant votre NOM Pr\u00e9nom et n\u00b0 de t\u00e9l\u00e9phone.<br \/>\nVous serez ensuite recontact\u00e9s pour r\u00e9aliser votre inscription sur l\u2019un des groupes.<\/p>\n<p>\n<div class=\"spdiv\">[collapse]<\/div>\n<\/div>\n<\/div>\n\n\n<div class=\"sp-wrap sp-wrap-default\">\n<div class=\"sp-head\" title=\"Expand\">\nM\u00e9decine du travail du CHU\n<\/div>\n<div class=\"sp-body folded\">\n<\/p>\n<p><strong>Le service de m\u00e9decine du travail du CHU<\/strong><\/p>\n<p style=\"text-align: center;\">Sous la responsabilit\u00e9 du Dr HERIN<br \/>\n<a href=\"mailto:herin.f@chu-toulouse.fr\">herin.f@chu-toulouse.fr<\/a><br \/>\n05 61 77 21 52 \/ 05 61 77 21 57<\/p>\n<p>\n<div class=\"spdiv\">[collapse]<\/div>\n<\/div>\n<\/div>\n\n\n<div class=\"sp-wrap sp-wrap-default\">\n<div class=\"sp-head\" title=\"Expand\">\nPsychologues au travail\n<\/div>\n<div class=\"sp-body folded\">\n<\/p>\n<p><strong>Les psychologues du travail :<\/strong><\/p>\n<p style=\"text-align: center;\">Mme Anne-Sophie RIGOLINI : \u00a005 61 77 20 06<br \/>\nou 06.04.54.39.73 <a href=\"mailto:rigolini.as@chu-toulouse.fr\">rigolini.as@chu-toulouse.fr<\/a><\/p>\n<p style=\"text-align: center;\">Mme Laurence MERCIER : 05 61 7(7 20 62)<br \/>\nou 07.75.11.97.75 mercier.lau@chu-toulouse.fr<\/p>\n<p>\n<div class=\"spdiv\">[collapse]<\/div>\n<\/div>\n<\/div>\n\n\n<div class=\"sp-wrap sp-wrap-default\">\n<div class=\"sp-head\" title=\"Expand\">\nAssociation MOTS\n<\/div>\n<div class=\"sp-body folded\">\n<\/p>\n<p>Association MOTS ( M\u00e9decine Organisation Travail Sant\u00e9 )<br \/>\nassociation d&#8217;aide psychologique pour les m\u00e9decins en difficult\u00e9 24h\/24<\/p>\n<p>L&#8217;Association MOTS (M\u00e9decin Organisation Travail Sant\u00e9), s&#8217;adresse aux m\u00e9decins en difficult\u00e9 ayant besoin d&#8217;\u00e9coute \u00e0 Toulouse, Lille, Bordeaux, Marseille.<\/p>\n<p>06 08 28 25 89<br \/>\n<a href=\"http:\/\/www.association-mots.org\/\">www.association-mots.org<\/a><\/p>\n<div class=\"spdiv\">[collapse]<\/div>\n<\/div>\n<\/div>\n\n\n<div class=\"sp-wrap sp-wrap-default\">\n<div class=\"sp-head\" title=\"Expand\">\nSIMPSS\n<\/div>\n<div class=\"sp-body folded\">\n<\/p>\n<p style=\"text-align: left;\">Servie interuniversitaire de M\u00e9decine Pr\u00e9ventive et de Promotion de la Sant\u00e9<br \/>\nacc\u00e8s \u00e0 des m\u00e9decins g\u00e9n\u00e9ralistes, autres sp\u00e9cialistes et assistantes sociales<br \/>\nsecr\u00e9tariat : +33 5 61 55 73 67<br \/>\nacceuil infirmier +33 5 61 55 73 59<\/p>\n<p>\n<div class=\"spdiv\">[collapse]<\/div>\n<\/div>\n<\/div>\n\n\n<div class=\"sp-wrap sp-wrap-default\">\n<div class=\"sp-head\" title=\"Expand\">\nProbl\u00e8me de stage\n<\/div>\n<div class=\"sp-body folded\">\n<\/p>\n<p>Charg\u00e9s de mission stage AIMG-MP: <a href=\"mailto:stage.aimgmp@gmail.com\" rel=\"noreferrer\">stage.aimgmp@gmail.com<\/a><br \/>\nResponsable des stages DUMG: <a href=\"mailto:jc.poutrain@dumg-toulouse.fr\">jc.poutrain@dumg-toulouse.fr<\/a><br \/>\nR\u00e9f\u00e9rent GPP de ton d\u00e9partement<\/p>\n<p>\n<div class=\"spdiv\">[collapse]<\/div>\n<\/div>\n<\/div>\n\n\n<div class=\"sp-wrap sp-wrap-default\">\n<div class=\"sp-head\" title=\"Expand\">\nprobl\u00e8mes autres, personnels...\n<\/div>\n<div class=\"sp-body folded\">\n<\/p>\n<p>Pr\u00e9sidente AIMG-MP :\u00a0 06 88 09 50 97: <a href=\"mailto:president@aimg-mp.com\">president@aimg-mp.com<\/a><br \/>\nDirectrice du DUMG, Dr Motoko DELAHAYE<\/p>\n<p>\n<div class=\"spdiv\">[collapse]<\/div>\n<\/div>\n<\/div>\n\n<p>&nbsp;<\/p>\n<\/div>\n<\/div>\n<\/div>\n<\/div>\n","protected":false},"excerpt":{"rendered":"<p>Quelle que soient vos difficult\u00e9s, n\u2019h\u00e9sitez pas \u00e0 solliciter un interlocuteur. Des r\u00e9f\u00e9rents de l&#8217;association sont \u00e0 votre disposition pour \u00eatre \u00e0 votre \u00e9coute, discuter avec vous et remonter tout probl\u00e8me si n\u00e9c\u00e9ssaire au DUMG. N&#8217;h\u00e9sitez pas \u00e0 contacter : &hellip; <a href=\"https:\/\/www.aimg-mp.com\/index.php\/interne-en-difficulte\/\">Continuer la lecture <span class=\"meta-nav\">&rarr;<\/span><\/a><\/p>\n","protected":false},"author":413,"featured_media":0,"parent":0,"menu_order":0,"comment_status":"closed","ping_status":"closed","template":"","meta":{"footnotes":""},"class_list":["post-14047","page","type-page","status-publish","hentry"],"_links":{"self":[{"href":"https:\/\/www.aimg-mp.com\/index.php\/wp-json\/wp\/v2\/pages\/14047","targetHints":{"allow":["GET"]}}],"collection":[{"href":"https:\/\/www.aimg-mp.com\/index.php\/wp-json\/wp\/v2\/pages"}],"about":[{"href":"https:\/\/www.aimg-mp.com\/index.php\/wp-json\/wp\/v2\/types\/page"}],"author":[{"embeddable":true,"href":"https:\/\/www.aimg-mp.com\/index.php\/wp-json\/wp\/v2\/users\/413"}],"replies":[{"embeddable":true,"href":"https:\/\/www.aimg-mp.com\/index.php\/wp-json\/wp\/v2\/comments?post=14047"}],"version-history":[{"count":0,"href":"https:\/\/www.aimg-mp.com\/index.php\/wp-json\/wp\/v2\/pages\/14047\/revisions"}],"wp:attachment":[{"href":"https:\/\/www.aimg-mp.com\/index.php\/wp-json\/wp\/v2\/media?parent=14047"}],"curies":[{"name":"wp","href":"https:\/\/api.w.org\/{rel}","templated":true}]}}