{"id":128,"date":"2018-04-08T12:40:18","date_gmt":"2018-04-08T10:40:18","guid":{"rendered":"http:\/\/aimgmpcomm.cluster026.hosting.ovh.net\/?page_id=128"},"modified":"2023-09-21T09:43:20","modified_gmt":"2023-09-21T07:43:20","slug":"choix","status":"publish","type":"page","link":"https:\/\/www.aimg-mp.com\/index.php\/choix\/","title":{"rendered":"Choix de stage"},"content":{"rendered":"<p style=\"text-align: left;\"><span style=\"color: #000000;\">Les choix de stage ont g\u00e9n\u00e9ralement lieu \u00e0 la facult\u00e9 de M\u00e9decine Rangueil.<br \/>\n<\/span><\/p>\n<p style=\"text-align: center;\"><strong>CHOIX DE STAGE<\/strong><\/p>\n<p><span style=\"color: #000000;\">Les procurations sont \u00e0 renvoyer \u00e0 l&#8217;ARS si vous \u00eates absent le jour du choix <\/span>(<a href=\"https:\/\/www.occitanie.paps.sante.fr\/choix-des-stages-2?parent=15610&amp;rubrique=15610\">Procuration Toulouse<\/a>).<span style=\"color: #000000;\">Les procurations sont \u00e0 faire \u00e0 parvenir \u00e0 l&#8217;ARS (mettre en copie contact@aimg-mp.com):<\/span><\/p>\n<p><span style=\"color: #000000;\">\u25ca<\/span><span style=\"color: #000000;\"> Par mail\u00a0(<\/span><strong><span style=\"color: #000000;\">au<\/span> plus tard la VEILLE<\/strong>): <a href=\"mailto:%20 ars-oc-dpr-internat-subd-toulouse@ars.sante.fr?subject=A l'attention de Mme Catherine Battesti - procuration choix de stage &amp;cc=contact@aimg-mp.com\">envoyer un e-mail \u00e0 l&#8217;attention de Mme Catherine BATTESTI\u00a0<\/a>(l&#8217;AIMG-MP sera automatiquement en copie en cliquant sur le lien pr\u00e9c\u00e9dent).<span style=\"font-size: 12.16px; line-height: 1.3em;\"><br \/>\n<\/span><span style=\"color: #000000;\">\u25ca Par courrier <\/span><strong><span style=\"color: #000000;\">( 1 S<\/span>EMAINE AVANT LE CHOIX)\u00a0<\/strong>:<\/p>\n<div class=\"page\" title=\"Page 2\">\n<div class=\"layoutArea\">\n<div class=\"column\">\n<p style=\"text-align: center;\"><span style=\"color: #000000;\">ARS Occitanie<\/span><br \/>\n<span style=\"color: #000000;\">\u00e0 l\u2019attention de Madame Catherine BATTESTI<br \/>\n<\/span><span style=\"color: #000000;\">Direction du Premier Recours<\/span><br \/>\n<span style=\"color: #000000;\">P\u00f4le Formation des Professionnels de Sant\u00e9<\/span><br \/>\n<span style=\"color: #000000;\">10 chemin du raisin<\/span><br \/>\n<span style=\"color: #000000;\">31050 TOULOUSE Cedex 9<\/span><\/p>\n<\/div>\n<\/div>\n<\/div>\n<p><span style=\"color: #000000;\">Le mandataire devra ensuite se pr\u00e9senter le jour du choix muni de :<\/span><br \/>\n<span style=\"color: #000000;\">\u25ca<\/span> <span style=\"color: #000000;\">sa pi\u00e8ce d&#8217;identit\u00e9<\/span><br \/>\n<span style=\"color: #000000;\">\u25ca<\/span> <span style=\"color: #000000;\">de la photocopie de la procuration compl\u00e9t\u00e9e par le mandant<\/span><\/p>\n","protected":false},"excerpt":{"rendered":"<p>Les choix de stage ont g\u00e9n\u00e9ralement lieu \u00e0 la facult\u00e9 de M\u00e9decine Rangueil. CHOIX DE STAGE Les procurations sont \u00e0 renvoyer \u00e0 l&#8217;ARS si vous \u00eates absent le jour du choix (Procuration Toulouse).Les procurations sont \u00e0 faire \u00e0 parvenir \u00e0 &hellip; <a href=\"https:\/\/www.aimg-mp.com\/index.php\/choix\/\">Continuer la lecture <span class=\"meta-nav\">&rarr;<\/span><\/a><\/p>\n","protected":false},"author":413,"featured_media":0,"parent":0,"menu_order":0,"comment_status":"closed","ping_status":"closed","template":"","meta":{"footnotes":""},"class_list":["post-128","page","type-page","status-publish","hentry"],"_links":{"self":[{"href":"https:\/\/www.aimg-mp.com\/index.php\/wp-json\/wp\/v2\/pages\/128","targetHints":{"allow":["GET"]}}],"collection":[{"href":"https:\/\/www.aimg-mp.com\/index.php\/wp-json\/wp\/v2\/pages"}],"about":[{"href":"https:\/\/www.aimg-mp.com\/index.php\/wp-json\/wp\/v2\/types\/page"}],"author":[{"embeddable":true,"href":"https:\/\/www.aimg-mp.com\/index.php\/wp-json\/wp\/v2\/users\/413"}],"replies":[{"embeddable":true,"href":"https:\/\/www.aimg-mp.com\/index.php\/wp-json\/wp\/v2\/comments?post=128"}],"version-history":[{"count":0,"href":"https:\/\/www.aimg-mp.com\/index.php\/wp-json\/wp\/v2\/pages\/128\/revisions"}],"wp:attachment":[{"href":"https:\/\/www.aimg-mp.com\/index.php\/wp-json\/wp\/v2\/media?parent=128"}],"curies":[{"name":"wp","href":"https:\/\/api.w.org\/{rel}","templated":true}]}}