{"id":124,"date":"2018-04-08T12:39:56","date_gmt":"2018-04-08T10:39:56","guid":{"rendered":"http:\/\/aimgmpcomm.cluster026.hosting.ovh.net\/?page_id=124"},"modified":"2022-08-09T17:34:28","modified_gmt":"2022-08-09T15:34:28","slug":"cartographie","status":"publish","type":"page","link":"https:\/\/www.aimg-mp.com\/index.php\/cartographie\/","title":{"rendered":"Cartographie"},"content":{"rendered":"<p>La carte ci-dessous permet de connaitre les diff\u00e9rents stages d\u00e9partement par d\u00e9partement (apr\u00e8s connexion), ainsi que des informations propres \u00e0 chaque d\u00e9partement.<\/p>\n<p><iframe loading=\"lazy\" src=\"https:\/\/www.google.com\/maps\/d\/embed?mid=1kUCn28rHdSdLzvBT2Olkub3epC5zca0x\" width=\"640\" height=\"480\"><\/iframe><\/p>\n<p>Il suffit de cliquer sur un des d\u00e9partement pour voir acc\u00e9der aux \u00e9valuations de chaque d\u00e9partement<\/p>\n<p><img loading=\"lazy\" decoding=\"async\" class=\"aligncenter size-full wp-image-1014\" src=\"https:\/\/www.aimg-mp.com\/wp-content\/uploads\/2018\/05\/midipi.png\" alt=\"\" usemap=\"#map\" width=\"455\" height=\"407\" srcset=\"https:\/\/www.aimg-mp.com\/wp-content\/uploads\/2018\/05\/midipi.png 455w, https:\/\/www.aimg-mp.com\/wp-content\/uploads\/2018\/05\/midipi-300x268.png 300w\" sizes=\"auto, (max-width: 455px) 100vw, 455px\" \/><\/p>\n<p>&nbsp;<\/p>\n<p>Et voici un tableau r\u00e9capitulatif des dur\u00e9es et prix des trajets ( train\/ voiture ) entre Toulouse et les diff\u00e9rentes p\u00e9riph\u00e9ries : <a href=\"https:\/\/www.aimg-mp.com\/wp-content\/uploads\/2021\/02\/guide-trajets.pdf\">guide-trajets<\/a><\/p>\n<map name=\"map\"> <!-- #$AUTHOR:AIMGMP --> <\/p>\n<area alt=\"Lot\" coords=\"166,93,186,69,203,59,204,47,220,32,211,12,223,5,234,9,249,25,259,27,269,22,277,20,283,19,289,21,285,28,287,37,297,47,296,57,296,67,300,71,301,80,297,83,287,80,275,88,264,93,256,99,254,105,260,113,266,121,264,124,256,121,246,119,238,128,235,128,229,128,225,134,204,141,202,133,196,130,190,135,178,126,182,118,172,111,167,107,166,98\" shape=\"poly\" href=\"https:\/\/www.aimg-mp.com\/index.php\/cartographie\/departement-du-lot\/\" target=\"Lot\" \/>\n<area alt=\"Aveyron\" coords=\"264,103,279,93,288,89,302,91,307,75,319,67,331,77,340,75,342,67,349,52,363,25,368,26,372,38,379,35,386,52,391,50,394,77,408,85,404,98,411,106,416,120,414,133,423,141,425,145,440,143,436,156,424,159,428,166,436,167,451,173,438,184,437,192,426,192,425,203,415,207,406,200,400,200,400,205,409,213,404,216,403,221,389,215,387,211,364,210,362,215,352,207,346,190,342,184,342,174,316,152,311,152,306,155,304,154,309,147,304,142,296,140,290,143,284,146,280,146,270,140,278,135,277,127,270,125,269,117,262,112\" shape=\"poly\" href=\"https:\/\/www.aimg-mp.com\/index.php\/cartographie\/departement-de-laveyron\/\" target=\"Aveyron\" \/>\n<area alt=\"Tarn-et-Garonne\" coords=\"138,160,148,150,155,149,151,138,159,131,159,125,150,119,160,102,174,117,171,122,188,138,194,139,197,135,198,137,198,144,213,143,219,139,226,143,232,132,240,133,248,123,274,130,274,133,268,139,270,146,268,150,249,154,240,151,234,155,237,161,243,169,234,179,224,179,226,189,226,194,220,192,213,195,204,190,202,194,202,206,196,207,180,205,152,207,149,190,137,183,147,169,147,165,138,163\" shape=\"poly\" href=\"https:\/\/www.aimg-mp.com\/index.php\/cartographie\/departement-du-tarn-et-garonne\/\" target=\"Tarn-et-Garonne\" \/>\n<area alt=\"Tarn\" coords=\"230,198,231,183,248,170,238,155,240,153,248,158,271,154,272,150,289,148,292,146,298,143,306,147,299,156,304,161,312,157,313,156,339,176,338,187,344,190,351,214,361,218,389,226,375,235,362,233,354,233,351,241,356,251,360,254,356,262,342,268,322,268,310,266,302,266,302,269,295,268,286,271,283,266,284,264,279,258,260,247,247,240,242,234,247,227,237,216,230,206,227,198\" shape=\"poly\" href=\"https:\/\/www.aimg-mp.com\/index.php\/cartographie\/departement-du-tarn\/\" target=\"Tarn\" \/>\n<area alt=\"Gers\" coords=\"15,232,27,210,24,183,37,181,46,176,47,187,56,186,59,182,58,176,75,169,91,169,115,160,120,159,125,165,135,167,143,168,132,186,147,193,147,207,148,209,178,208,180,208,168,225,174,235,187,239,187,245,172,243,164,256,161,272,156,267,142,267,135,260,127,269,121,283,112,286,94,282,85,276,80,271,73,273,67,274,64,272,64,251,51,246,45,237,42,234,32,235,27,236,20,236\" shape=\"poly\" href=\"https:\/\/www.aimg-mp.com\/index.php\/cartographie\/departement-du-gers\/\" target=\"Gers\" \/>\n<area alt=\"Hautes-Pyrenees\" coords=\"4,350,15,338,15,331,11,325,39,294,41,256,34,246,35,239,39,236,43,243,54,253,61,253,60,275,75,279,79,275,91,284,109,288,90,311,90,319,102,324,98,336,103,338,108,336,112,331,116,336,107,350,106,352,98,354,93,355,94,379,83,379,78,382,69,378,63,378,55,384,53,386,37,381,14,364,9,364\" shape=\"poly\" href=\"https:\/\/www.aimg-mp.com\/index.php\/cartographie\/departement-des-hautes-pyrenees\/\" target=\"Hautes-Pyrenees\" \/>\n<area alt=\"Haute-Garonne\" coords=\"98,383,122,389,125,382,117,363,121,353,135,355,142,362,144,358,141,344,156,339,159,330,158,319,172,308,182,313,185,319,199,319,198,315,188,312,187,306,193,302,203,301,191,294,190,288,201,282,211,287,212,296,216,300,220,298,221,287,228,290,230,296,236,294,242,300,246,282,263,266,275,270,279,268,279,265,274,260,241,242,237,236,242,228,225,204,219,197,212,198,205,196,208,205,200,211,190,212,188,208,174,223,182,233,192,238,193,244,188,248,177,248,174,245,168,257,166,273,164,278,154,273,135,268,130,273,125,286,117,288,113,292,93,313,104,319,109,321,103,334,114,325,117,330,119,338,110,353,107,355,98,356,97,357\" shape=\"poly\" href=\"https:\/\/www.aimg-mp.com\/index.php\/cartographie\/departement-de-haute-garonne\/\" target=\"Haute-Garonne\" \/>\n<area alt=\"Ariege\" coords=\"148,363,145,349,158,342,163,328,161,321,173,312,186,322,202,322,200,309,208,299,196,293,202,288,209,287,211,302,219,300,224,292,229,303,233,297,244,307,254,313,273,315,277,331,272,342,271,353,261,362,263,370,273,377,290,378,303,385,300,390,273,400,251,403,241,395,220,396,215,399,212,401,204,384,194,381,180,383,170,371,164,372,147,364\" shape=\"poly\" href=\"https:\/\/www.aimg-mp.com\/index.php\/cartographie\/departement-de-lariege\/\" target=\"Ariege\" \/> <\/map>\n","protected":false},"excerpt":{"rendered":"<p>La carte ci-dessous permet de connaitre les diff\u00e9rents stages d\u00e9partement par d\u00e9partement (apr\u00e8s connexion), ainsi que des informations propres \u00e0 chaque d\u00e9partement. Il suffit de cliquer sur un des d\u00e9partement pour voir acc\u00e9der aux \u00e9valuations de chaque d\u00e9partement &nbsp; Et &hellip; <a href=\"https:\/\/www.aimg-mp.com\/index.php\/cartographie\/\">Continuer la lecture <span class=\"meta-nav\">&rarr;<\/span><\/a><\/p>\n","protected":false},"author":413,"featured_media":0,"parent":0,"menu_order":0,"comment_status":"closed","ping_status":"closed","template":"","meta":{"footnotes":""},"class_list":["post-124","page","type-page","status-publish","hentry"],"_links":{"self":[{"href":"https:\/\/www.aimg-mp.com\/index.php\/wp-json\/wp\/v2\/pages\/124","targetHints":{"allow":["GET"]}}],"collection":[{"href":"https:\/\/www.aimg-mp.com\/index.php\/wp-json\/wp\/v2\/pages"}],"about":[{"href":"https:\/\/www.aimg-mp.com\/index.php\/wp-json\/wp\/v2\/types\/page"}],"author":[{"embeddable":true,"href":"https:\/\/www.aimg-mp.com\/index.php\/wp-json\/wp\/v2\/users\/413"}],"replies":[{"embeddable":true,"href":"https:\/\/www.aimg-mp.com\/index.php\/wp-json\/wp\/v2\/comments?post=124"}],"version-history":[{"count":0,"href":"https:\/\/www.aimg-mp.com\/index.php\/wp-json\/wp\/v2\/pages\/124\/revisions"}],"wp:attachment":[{"href":"https:\/\/www.aimg-mp.com\/index.php\/wp-json\/wp\/v2\/media?parent=124"}],"curies":[{"name":"wp","href":"https:\/\/api.w.org\/{rel}","templated":true}]}}