{"id":1008,"date":"2018-05-24T14:12:58","date_gmt":"2018-05-24T12:12:58","guid":{"rendered":"http:\/\/aimgmpcomm.cluster026.hosting.ovh.net\/?page_id=1008"},"modified":"2020-06-06T08:17:46","modified_gmt":"2020-06-06T06:17:46","slug":"departement-des-hautes-pyrenees","status":"publish","type":"page","link":"https:\/\/www.aimg-mp.com\/index.php\/cartographie\/departement-des-hautes-pyrenees\/","title":{"rendered":"D\u00e9partement des Hautes-Pyr\u00e9n\u00e9es"},"content":{"rendered":"<ul style=\"list-style-type: disc;\">\n<li><strong><span style=\"color: #000080;\">Contact DUMG du d\u00e9partement<br \/>\n<\/span><\/strong><span style=\"color: #000080;\"><br \/>\n<\/span><span style=\"color: #000000;\">Responsable de Groupes P\u00e9dagogiques de Proximit\u00e9 &#8211; DUMG Toulouse :<br \/>\nPr Pierre Mesth\u00e9<br \/>\n<\/span><span style=\"color: #000080;\"><a href=\"mailto:pierre.mesthe@dumg-toulouse.fr\">pierre.mesthe@dumg-toulouse.fr<\/a><\/span><\/p>\n<p>Dr Virginie Quentin<br \/>\n<a href=\"mailto:virginie.quentin@dumg-toulouse.fr\">virginie.quentin@dumg-toulouse.fr<\/a><\/li>\n<li><strong><span style=\"color: #000080;\">Un contact ?<\/span><\/strong><\/li>\n<\/ul>\n<p style=\"text-align: center;\">Guichet unique pour l&#8217;installation<br \/>\nHaPysant\u00e9@65.medecins.fr<br \/>\n05 62 93 13 19<\/p>\n<p><code><span class=\"rcp-restricted-content-message\">You do not have access to this post.<\/span><\/code><\/p>\n","protected":false},"excerpt":{"rendered":"<p>Contact DUMG du d\u00e9partement Responsable de Groupes P\u00e9dagogiques de Proximit\u00e9 &#8211; DUMG Toulouse : Pr Pierre Mesth\u00e9 pierre.mesthe@dumg-toulouse.fr Dr Virginie Quentin virginie.quentin@dumg-toulouse.fr Un contact ? Guichet unique pour l&#8217;installation HaPysant\u00e9@65.medecins.fr 05 62 93 13 19<\/p>\n","protected":false},"author":413,"featured_media":0,"parent":124,"menu_order":0,"comment_status":"closed","ping_status":"closed","template":"","meta":{"footnotes":""},"class_list":["post-1008","page","type-page","status-publish","hentry"],"_links":{"self":[{"href":"https:\/\/www.aimg-mp.com\/index.php\/wp-json\/wp\/v2\/pages\/1008","targetHints":{"allow":["GET"]}}],"collection":[{"href":"https:\/\/www.aimg-mp.com\/index.php\/wp-json\/wp\/v2\/pages"}],"about":[{"href":"https:\/\/www.aimg-mp.com\/index.php\/wp-json\/wp\/v2\/types\/page"}],"author":[{"embeddable":true,"href":"https:\/\/www.aimg-mp.com\/index.php\/wp-json\/wp\/v2\/users\/413"}],"replies":[{"embeddable":true,"href":"https:\/\/www.aimg-mp.com\/index.php\/wp-json\/wp\/v2\/comments?post=1008"}],"version-history":[{"count":0,"href":"https:\/\/www.aimg-mp.com\/index.php\/wp-json\/wp\/v2\/pages\/1008\/revisions"}],"up":[{"embeddable":true,"href":"https:\/\/www.aimg-mp.com\/index.php\/wp-json\/wp\/v2\/pages\/124"}],"wp:attachment":[{"href":"https:\/\/www.aimg-mp.com\/index.php\/wp-json\/wp\/v2\/media?parent=1008"}],"curies":[{"name":"wp","href":"https:\/\/api.w.org\/{rel}","templated":true}]}}