{"id":1006,"date":"2018-05-24T14:12:22","date_gmt":"2018-05-24T12:12:22","guid":{"rendered":"http:\/\/aimgmpcomm.cluster026.hosting.ovh.net\/?page_id=1006"},"modified":"2020-06-06T08:12:45","modified_gmt":"2020-06-06T06:12:45","slug":"departement-du-lot","status":"publish","type":"page","link":"https:\/\/www.aimg-mp.com\/index.php\/cartographie\/departement-du-lot\/","title":{"rendered":"D\u00e9partement du Lot"},"content":{"rendered":"<ul style=\"list-style-type: disc;\">\n<li><strong><span style=\"color: #000080;\">Contact DUMG du d\u00e9partement\n<p><\/span><\/strong><span style=\"color: #000000;\">Responsable de Groupes P\u00e9dagogiques de Proximit\u00e9 &#8211; DUMG Toulouse :<br \/>\nPr Yves Abitteboul<br \/>\n<a href=\"mailto:yves.abitteboul@dumg-toulouse.fr\">yves.abitteboul@dumg-toulouse.fr<\/a><br \/>\n<\/span><\/li>\n<li><strong><span style=\"color: #000080;\">Informations pratiques\n<p><\/span><\/strong><span style=\"color: #000000;\">Le d\u00e9partement du Lot liste <a href=\"https:\/\/lot.fr\/professionnels-de-sant\">sur son site les possibilit\u00e9s d&#8217;installation<\/a><\/p>\n<p><\/span><\/li>\n<li><strong><span style=\"color: #000080;\">Un contact ?<\/span><\/strong><\/li>\n<\/ul>\n<p style=\"text-align: center;\"><strong>Bruno Gentilhomme<\/strong><br \/>\nr\u00e9f\u00e9rent installation<br \/>\n<a href=\"mailto:bruno.gentilhomme@ars.sante.fr\">bruno.gentilhomme@ars.sante.fr<\/a><br \/>\n05 81 62 56 45<\/p>\n<p style=\"text-align: center;\"><strong>Louis Molinier<\/strong><br \/>\nService attractivit\u00e9 d\u00e9partement<br \/>\n<a href=\"mailto:louis.molinier@lot.fr\">louis.molinier@lot.fr<\/a><br \/>\n05 65 53 43 47<\/p>\n<p><code><span class=\"rcp-restricted-content-message\">You do not have access to this post.<\/span><\/code><\/p>\n","protected":false},"excerpt":{"rendered":"<p>Contact DUMG du d\u00e9partement Responsable de Groupes P\u00e9dagogiques de Proximit\u00e9 &#8211; DUMG Toulouse : Pr Yves Abitteboul yves.abitteboul@dumg-toulouse.fr Informations pratiques Le d\u00e9partement du Lot liste sur son site les possibilit\u00e9s d&#8217;installation Un contact ? Bruno Gentilhomme r\u00e9f\u00e9rent installation bruno.gentilhomme@ars.sante.fr 05 &hellip; <a href=\"https:\/\/www.aimg-mp.com\/index.php\/cartographie\/departement-du-lot\/\">Continuer la lecture <span class=\"meta-nav\">&rarr;<\/span><\/a><\/p>\n","protected":false},"author":413,"featured_media":0,"parent":124,"menu_order":0,"comment_status":"closed","ping_status":"closed","template":"","meta":{"footnotes":""},"class_list":["post-1006","page","type-page","status-publish","hentry"],"_links":{"self":[{"href":"https:\/\/www.aimg-mp.com\/index.php\/wp-json\/wp\/v2\/pages\/1006","targetHints":{"allow":["GET"]}}],"collection":[{"href":"https:\/\/www.aimg-mp.com\/index.php\/wp-json\/wp\/v2\/pages"}],"about":[{"href":"https:\/\/www.aimg-mp.com\/index.php\/wp-json\/wp\/v2\/types\/page"}],"author":[{"embeddable":true,"href":"https:\/\/www.aimg-mp.com\/index.php\/wp-json\/wp\/v2\/users\/413"}],"replies":[{"embeddable":true,"href":"https:\/\/www.aimg-mp.com\/index.php\/wp-json\/wp\/v2\/comments?post=1006"}],"version-history":[{"count":0,"href":"https:\/\/www.aimg-mp.com\/index.php\/wp-json\/wp\/v2\/pages\/1006\/revisions"}],"up":[{"embeddable":true,"href":"https:\/\/www.aimg-mp.com\/index.php\/wp-json\/wp\/v2\/pages\/124"}],"wp:attachment":[{"href":"https:\/\/www.aimg-mp.com\/index.php\/wp-json\/wp\/v2\/media?parent=1006"}],"curies":[{"name":"wp","href":"https:\/\/api.w.org\/{rel}","templated":true}]}}